{"id":8171,"date":"2024-08-02T14:54:08","date_gmt":"2024-08-02T12:54:08","guid":{"rendered":"https:\/\/www.cei-voyage.fr\/?post_type=product&#038;p=8171"},"modified":"2025-07-02T13:11:10","modified_gmt":"2025-07-02T11:11:10","slug":"learn-english-discover-paris","status":"publish","type":"product","link":"https:\/\/www.cei-voyage.fr\/en\/sejours\/educational-tours\/language-tours-france\/learn-english-discover-paris\/","title":{"rendered":"Learn English and discover Paris"},"content":{"rendered":"<p>Start your stay in Hastings, a typical seaside resort on the South coast of England. Learn English in a relaxed and friendly atmosphere in our school, Cambridge Gardens College (CGC) and enjoy our fun filled activity program.<\/p>\n<p>Then finish your trip in Paris, one of the most fascinating cities in the world! Explore its famous museums and monuments, caf\u00e9s and shops.<br \/>\nDiscover the best of Paris in 5 days!<\/p>\n<h3>Program<\/h3>\n<ul>\n<li>Day 1: <strong>Arrival in London<\/strong> and transfer to <strong>Hastings<\/strong>. Meeting with<br \/>\nyour host families who will warmly welcome you into their homes.<\/li>\n<li>Day 2: English lesson (AM) + Afternoon Scavenger Hunt in Hastings \u2014 a fun way to explore your surroundings!<\/li>\n<li>Day 3: English lesson (AM) + game of bowling + Fish &amp; Chips.<\/li>\n<li>Day 4: Full-day adventure in London (by train). Visit iconic landmarks and get up close to your favourite celebrities at Madame Tussauds.<\/li>\n<li>Day 5: English lesson (AM) + delicious Tea Time Masterclass \u2014 discover a British tradition!<\/li>\n<li>Day 6: Full-day adventure in London (by train). Take in breathtaking views from the London Eye and explore more of the city\u2019s iconic attractions.<\/li>\n<li>Day 7: Exciting excursion to Brighton (by train). Enjoy unlimited rides on the famous Pier!<\/li>\n<li>Day 8: Say goodbye to your host families and transfer to London St Pancras. Eurostar to Paris. On <strong>arrival at Paris Gare du Nord<\/strong> transfer to your accommodation.<\/li>\n<li>Day 9: Discover the city with a guided walking Tour and spend the afternoon in <strong>Montmartre &amp; Sacr\u00e9 Coeur<\/strong> \u2013 dinner &amp; night in your residence accommodation.<\/li>\n<li>Day 10: Visit <strong>Versailles Castle<\/strong> and spend time in the gardens. dinner &amp; night in your residence accommodation<\/li>\n<li>Day 11: Cruise the Seine River, then dive into art and history at the <strong>Louvre Museum<\/strong>. Dinner &amp; night in your residence accommodation.<\/li>\n<li>Day 12: Conclude your unforgettable journey with a transfer from your accommodation to the Paris airport for your departure.<\/li>\n<\/ul>\n","protected":false},"excerpt":{"rendered":"<p>Enjoy a stay in Hastings, a charming seaside resort on England&#8217;s South Coast. Learn English in a relaxed and friendly environment and enjoy our exciting activity program. Conclude your trip in Paris, one of the world&#8217;s most captivating cities. Explore its renowned museums, monuments, caf\u00e9s, and shops.<\/p>\n","protected":false},"featured_media":8172,"template":"","meta":{"_acf_changed":false,"inline_featured_image":false},"product_brand":[],"product_cat":[194,216],"product_tag":[203],"class_list":{"0":"post-8171","1":"product","2":"type-product","3":"status-publish","4":"has-post-thumbnail","6":"product_cat-educational-tours","7":"product_cat-language-tours-france","8":"product_tag-france-en","9":"sales-flash-overlay","10":"woocommerce-text-align-center","11":"woocommerce-image-align-center","13":"first","14":"instock","15":"virtual","16":"taxable","17":"purchasable","18":"product-type-simple"},"acf":{"sessions_repeater":null,"age":{"age_min":12,"age_max":""},"language":[],"level":["troisi\u00e8me","seconde","premi\u00e8re","terminale","quatri\u00e8me","cinqui\u00e8me"],"thematic":["Stay abroad","Language tours","Educational tours for groups"],"seasons":["all"],"dates":[],"duration":["12 days"],"accommodation":["Homestay","In residence"],"supervision":"","visiocolo":false,"professional_experience":""},"_links":{"self":[{"href":"https:\/\/www.cei-voyage.fr\/en\/wp-json\/wp\/v2\/product\/8171","targetHints":{"allow":["GET"]}}],"collection":[{"href":"https:\/\/www.cei-voyage.fr\/en\/wp-json\/wp\/v2\/product"}],"about":[{"href":"https:\/\/www.cei-voyage.fr\/en\/wp-json\/wp\/v2\/types\/product"}],"wp:featuredmedia":[{"embeddable":true,"href":"https:\/\/www.cei-voyage.fr\/en\/wp-json\/wp\/v2\/media\/8172"}],"wp:attachment":[{"href":"https:\/\/www.cei-voyage.fr\/en\/wp-json\/wp\/v2\/media?parent=8171"}],"wp:term":[{"taxonomy":"product_brand","embeddable":true,"href":"https:\/\/www.cei-voyage.fr\/en\/wp-json\/wp\/v2\/product_brand?post=8171"},{"taxonomy":"product_cat","embeddable":true,"href":"https:\/\/www.cei-voyage.fr\/en\/wp-json\/wp\/v2\/product_cat?post=8171"},{"taxonomy":"product_tag","embeddable":true,"href":"https:\/\/www.cei-voyage.fr\/en\/wp-json\/wp\/v2\/product_tag?post=8171"}],"curies":[{"name":"wp","href":"https:\/\/api.w.org\/{rel}","templated":true}]}}