{"id":8163,"date":"2024-08-02T11:38:56","date_gmt":"2024-08-02T09:38:56","guid":{"rendered":"https:\/\/www.cei-voyage.fr\/?post_type=product&#038;p=8163"},"modified":"2025-07-02T13:25:19","modified_gmt":"2025-07-02T11:25:19","slug":"homestay-school-integration-saint-malo","status":"publish","type":"product","link":"https:\/\/www.cei-voyage.fr\/en\/sejours\/educational-tours\/language-tours-france\/homestay-school-integration-saint-malo\/","title":{"rendered":"Homestay and school integration in Saint-Malo"},"content":{"rendered":"<p>This program provides students with the chance to explore France and its culture through a combination of <strong>full immersion with a French <\/strong><strong>host family<\/strong> and <strong>school integration<\/strong>. This short-term language immersion program is a perfect first step before embarking on longer stays ! Combining French courses with full immersion is the most effective way to learn.<\/p>\n<h3>Living with a French host family<\/h3>\n<p>The best way to immerse yourself in another culture is to live with a host family. Host families offer support and guidance to students during their stay and share local customs. All families are carefully selected and prepared for the experience.<\/p>\n<h3>Attending a French high school<\/h3>\n<p>Students are placed in public or private schools, attending classes with French classmates for 5 days a week, typically from 8:00 am to 5:00 pm or 6:00 pm. All classes are conducted in French.<\/p>\n<h3>Participants<\/h3>\n<p>Students must be between 14-18 years old at the time of their stay in France.<\/p>\n<h3>Destinations<\/h3>\n<p>Students are placed in Saint-Malo area, Brittany. Other destinations are possible (Nancy, Castres) upon request.<\/p>\n","protected":false},"excerpt":{"rendered":"<p>This program offers students the opportunity to <strong>explore Saint-Malo<\/strong> and its culture through full immersion with a French host family and integration into a local school. Ideal for short-term stays, it combines French courses with everyday experiences, providing the most effective way to learn the language.<\/p>\n","protected":false},"featured_media":8164,"template":"","meta":{"_acf_changed":false,"inline_featured_image":false},"product_brand":[],"product_cat":[194,216],"product_tag":[203],"class_list":{"0":"post-8163","1":"product","2":"type-product","3":"status-publish","4":"has-post-thumbnail","6":"product_cat-educational-tours","7":"product_cat-language-tours-france","8":"product_tag-france-en","9":"sales-flash-overlay","10":"woocommerce-text-align-center","11":"woocommerce-image-align-center","13":"first","14":"instock","15":"virtual","16":"taxable","17":"purchasable","18":"product-type-simple"},"acf":{"sessions_repeater":null,"age":{"age_min":12,"age_max":""},"language":[],"level":["troisi\u00e8me","seconde","premi\u00e8re","terminale","quatri\u00e8me","cinqui\u00e8me"],"thematic":["Stay abroad","Language tours","Educational tours for groups"],"seasons":["winter","spring","autumn"],"dates":[],"duration":["1 week"],"accommodation":["Homestay"],"supervision":"","visiocolo":false,"professional_experience":""},"_links":{"self":[{"href":"https:\/\/www.cei-voyage.fr\/en\/wp-json\/wp\/v2\/product\/8163","targetHints":{"allow":["GET"]}}],"collection":[{"href":"https:\/\/www.cei-voyage.fr\/en\/wp-json\/wp\/v2\/product"}],"about":[{"href":"https:\/\/www.cei-voyage.fr\/en\/wp-json\/wp\/v2\/types\/product"}],"wp:featuredmedia":[{"embeddable":true,"href":"https:\/\/www.cei-voyage.fr\/en\/wp-json\/wp\/v2\/media\/8164"}],"wp:attachment":[{"href":"https:\/\/www.cei-voyage.fr\/en\/wp-json\/wp\/v2\/media?parent=8163"}],"wp:term":[{"taxonomy":"product_brand","embeddable":true,"href":"https:\/\/www.cei-voyage.fr\/en\/wp-json\/wp\/v2\/product_brand?post=8163"},{"taxonomy":"product_cat","embeddable":true,"href":"https:\/\/www.cei-voyage.fr\/en\/wp-json\/wp\/v2\/product_cat?post=8163"},{"taxonomy":"product_tag","embeddable":true,"href":"https:\/\/www.cei-voyage.fr\/en\/wp-json\/wp\/v2\/product_tag?post=8163"}],"curies":[{"name":"wp","href":"https:\/\/api.w.org\/{rel}","templated":true}]}}