{"id":8154,"date":"2024-08-02T11:02:41","date_gmt":"2024-08-02T09:02:41","guid":{"rendered":"https:\/\/www.cei-voyage.fr\/?post_type=product&#038;p=8154"},"modified":"2025-07-02T13:42:00","modified_gmt":"2025-07-02T11:42:00","slug":"homestay-and-learning-french-in-saint-malo","status":"publish","type":"product","link":"https:\/\/www.cei-voyage.fr\/en\/sejours\/educational-tours\/language-tours-france\/homestay-and-learning-french-in-saint-malo\/","title":{"rendered":"Homestay and learning French in Saint-Malo"},"content":{"rendered":"<p>The <strong>homestay program<\/strong> provides an excellent opportunity for teachers to apply their teaching methods, while students learn French and immerse themselves in French culture. Our CEI <strong>host community in Saint-Malo<\/strong> offers the perfect environment for this enriching experience.<\/p>\n<h3>Host families<\/h3>\n<p>Our host families are carefully selected after an interview and a home visit by a CEI local representative. Availability, open-mindedness and hospitality are the major criteria for the selection of host families.<br \/>\nHost families live approximately 15-30 minutes from the school. Students receive full board accommodation (breakfast, packed lunch and dinner).<\/p>\n<h3>Accommodation<\/h3>\n<p>Many of the families in St Malo have been hosting for years. Some families leave near the school, others in residential areas outside the city center (max 20\/25 min from the city).<\/p>\n<h3>French Courses<\/h3>\n<p>The program consists of 15 hours of instruction per week, from Monday to Friday (5 sessions of 3 hours each), held at a local school. Classes are led by native French teachers and are organized into closed groups based on the number of participants and their proficiency levels. Teachers employ dynamic and interactive educational methods and materials. Upon completing the course, students receive a Certificate of Completion.<\/p>\n<h3>Social and cultural activities<\/h3>\n<p>Along with the French classes, students will participate in afternoon activities in Saint-Malo. Excursions and specific activities upon request.<\/p>\n<h3>Supervision and safety<\/h3>\n<p>The CEI team and local representative are available to provide assistance throughout the stay if needed. A meet and greet service is provided upon arrival. All our host families reside in safe and quiet residential areas.<\/p>\n","protected":false},"excerpt":{"rendered":"<p>This program in Saint-Malo offers a perfect blend of <strong>language learning<\/strong>, <strong>cultural immersion<\/strong>, and safety, ensuring a memorable and enriching experience for all participants.<\/p>\n","protected":false},"featured_media":8155,"template":"","meta":{"_acf_changed":false,"inline_featured_image":false},"product_brand":[],"product_cat":[194,216],"product_tag":[203],"class_list":{"0":"post-8154","1":"product","2":"type-product","3":"status-publish","4":"has-post-thumbnail","6":"product_cat-educational-tours","7":"product_cat-language-tours-france","8":"product_tag-france-en","9":"sales-flash-overlay","10":"woocommerce-text-align-center","11":"woocommerce-image-align-center","13":"first","14":"instock","15":"virtual","16":"taxable","17":"purchasable","18":"product-type-simple"},"acf":{"sessions_repeater":null,"age":{"age_min":12,"age_max":""},"language":[],"level":["troisi\u00e8me","seconde","premi\u00e8re","terminale","quatri\u00e8me","cinqui\u00e8me"],"thematic":["Stay abroad","Language tours","Educational tours for groups"],"seasons":["all"],"dates":[],"duration":["1 week"],"accommodation":["Homestay"],"supervision":"","visiocolo":false,"professional_experience":""},"_links":{"self":[{"href":"https:\/\/www.cei-voyage.fr\/en\/wp-json\/wp\/v2\/product\/8154","targetHints":{"allow":["GET"]}}],"collection":[{"href":"https:\/\/www.cei-voyage.fr\/en\/wp-json\/wp\/v2\/product"}],"about":[{"href":"https:\/\/www.cei-voyage.fr\/en\/wp-json\/wp\/v2\/types\/product"}],"wp:featuredmedia":[{"embeddable":true,"href":"https:\/\/www.cei-voyage.fr\/en\/wp-json\/wp\/v2\/media\/8155"}],"wp:attachment":[{"href":"https:\/\/www.cei-voyage.fr\/en\/wp-json\/wp\/v2\/media?parent=8154"}],"wp:term":[{"taxonomy":"product_brand","embeddable":true,"href":"https:\/\/www.cei-voyage.fr\/en\/wp-json\/wp\/v2\/product_brand?post=8154"},{"taxonomy":"product_cat","embeddable":true,"href":"https:\/\/www.cei-voyage.fr\/en\/wp-json\/wp\/v2\/product_cat?post=8154"},{"taxonomy":"product_tag","embeddable":true,"href":"https:\/\/www.cei-voyage.fr\/en\/wp-json\/wp\/v2\/product_tag?post=8154"}],"curies":[{"name":"wp","href":"https:\/\/api.w.org\/{rel}","templated":true}]}}