{"id":8145,"date":"2024-08-02T10:16:42","date_gmt":"2024-08-02T08:16:42","guid":{"rendered":"https:\/\/www.cei-voyage.fr\/?post_type=product&#038;p=8145"},"modified":"2025-07-02T13:36:00","modified_gmt":"2025-07-02T11:36:00","slug":"homestay-learning-french-in-paris","status":"publish","type":"product","link":"https:\/\/www.cei-voyage.fr\/en\/sejours\/educational-tours\/language-tours-france\/homestay-learning-french-in-paris\/","title":{"rendered":"Homestay and learning French in Paris"},"content":{"rendered":"<p>The homestay program is an excellent way for teachers to put into practice what they teach and for students to learn French and experience French culture. Our CEI host community in Paris.<\/p>\n<h3>Host families<\/h3>\n<p>Our host families are carefully selected after an interview and a home visit by a CEI local representative. Availability, open-mindedness and hospitality are the major criteria for the selection of host families.<br \/>\nHost families live approximately 15-30 minutes from the school. Students receive full board accommodation (breakfast, packed lunch and dinner).<\/p>\n<h3>Accommodation<\/h3>\n<p>Homestay is in the South of Paris in a quiet and safe residential city, Bretigny sur Orge. Access to Paris is easy by public transport.<\/p>\n<h3>French Courses<\/h3>\n<p>15 hours per week from Monday to Friday (5 x 3 hours) in a local school. Classes are taught by native French teachers in closed groups depending on the number of participants and the level of the group. Teachers use dynamic, interactive educational methods and materials. Students receive a Certificate of Completion at the end of the course.<\/p>\n<h3>Social and cultural activities<\/h3>\n<p>Along with the French classes, students will participate in afternoon activities in Paris. Excursions and specific activities upon request.<\/p>\n<h3>Supervision and safety<\/h3>\n<p>Assistance of the CEI team and local representative throughout the stay if needed. Meet and greet service on arrival. All our host families live in safe and quiet residential areas.<\/p>\n","protected":false},"excerpt":{"rendered":"<p>This program near Paris offers a perfect blend of language learning, cultural immersion, and safety, ensuring a memorable and enriching experience for all participants.<\/p>\n","protected":false},"featured_media":8152,"template":"","meta":{"_acf_changed":false,"inline_featured_image":false},"product_brand":[],"product_cat":[194,216],"product_tag":[203],"class_list":{"0":"post-8145","1":"product","2":"type-product","3":"status-publish","4":"has-post-thumbnail","6":"product_cat-educational-tours","7":"product_cat-language-tours-france","8":"product_tag-france-en","9":"sales-flash-overlay","10":"woocommerce-text-align-center","11":"woocommerce-image-align-center","13":"first","14":"instock","15":"virtual","16":"taxable","17":"purchasable","18":"product-type-simple"},"acf":{"sessions_repeater":null,"age":{"age_min":12,"age_max":""},"language":[],"level":["troisi\u00e8me","seconde","premi\u00e8re","terminale","quatri\u00e8me","cinqui\u00e8me"],"thematic":["Stay abroad","Language tours","Educational tours for groups"],"seasons":["all"],"dates":[],"duration":["1 week"],"accommodation":["Homestay"],"supervision":"","visiocolo":false,"professional_experience":""},"_links":{"self":[{"href":"https:\/\/www.cei-voyage.fr\/en\/wp-json\/wp\/v2\/product\/8145","targetHints":{"allow":["GET"]}}],"collection":[{"href":"https:\/\/www.cei-voyage.fr\/en\/wp-json\/wp\/v2\/product"}],"about":[{"href":"https:\/\/www.cei-voyage.fr\/en\/wp-json\/wp\/v2\/types\/product"}],"wp:featuredmedia":[{"embeddable":true,"href":"https:\/\/www.cei-voyage.fr\/en\/wp-json\/wp\/v2\/media\/8152"}],"wp:attachment":[{"href":"https:\/\/www.cei-voyage.fr\/en\/wp-json\/wp\/v2\/media?parent=8145"}],"wp:term":[{"taxonomy":"product_brand","embeddable":true,"href":"https:\/\/www.cei-voyage.fr\/en\/wp-json\/wp\/v2\/product_brand?post=8145"},{"taxonomy":"product_cat","embeddable":true,"href":"https:\/\/www.cei-voyage.fr\/en\/wp-json\/wp\/v2\/product_cat?post=8145"},{"taxonomy":"product_tag","embeddable":true,"href":"https:\/\/www.cei-voyage.fr\/en\/wp-json\/wp\/v2\/product_tag?post=8145"}],"curies":[{"name":"wp","href":"https:\/\/api.w.org\/{rel}","templated":true}]}}