{"id":7906,"date":"2024-07-09T11:29:12","date_gmt":"2024-07-09T09:29:12","guid":{"rendered":"https:\/\/www.cei-voyage.fr\/?post_type=product&#038;p=7906"},"modified":"2025-07-02T10:21:21","modified_gmt":"2025-07-02T08:21:21","slug":"paris-toulouse-train-journey","status":"publish","type":"product","link":"https:\/\/www.cei-voyage.fr\/en\/sejours\/educational-tours\/thematic-tours-france\/paris-toulouse-train-journey\/","title":{"rendered":"Slow travel: Paris-Toulouse"},"content":{"rendered":"<p>The night train journey is an extraordinary experience. From Toulouse to Collioure on the Vermeille coast, we invite you to take the side roads by train and travel through the mountains aboard the mythical yellow train in Latour de Carol.<\/p>\n<h3>Program<\/h3>\n<ul>\n<li><strong>Day 1<\/strong> : Travel from Paris on the overnight train to <strong>Toulouse<\/strong>.<\/li>\n<li><strong>Day 2<\/strong> : Early arrival, check-in the hotel next to the station, Toulouse guided city tour.<\/li>\n<li><strong>Day 3<\/strong> : Travel by train to <strong>Foix, <\/strong>visit its emblematic Castle overlooking the city. Enjoy sampling and shopping for typical Pyrenean charcuterie and cheese before continuing your journey.<\/li>\n<li><strong>Day 4<\/strong> : From Foix, train trip to <strong>Latour-de-Carol<\/strong>, a particularly sumptuous journey through the high mountains, cliffs and torrents. At Latour-de-Carol, board the &#8220;Canari&#8221; (the Yellow Train). There you will discover breathtaking landscapes. This fabulous rail journey ends in <strong>Villefranche-de-Conflent<\/strong>.<\/li>\n<li><strong>Day 5<\/strong> : The journey continues in the Mediterranean land to <strong>Argeles sur Mer<\/strong> or Collioure. The reliefs becomes softer, the contrast is striking. It&#8217;s time to enjoy the sea.<\/li>\n<li><strong>Day 6<\/strong> : You can continue by train to Barcelona or along the coast.<\/li>\n<\/ul>\n<h3>Accommodation<\/h3>\n<p>Paris-Toulouse overnight train with sleepers 2nd class.<\/p>\n<ul>\n<li>1 night half-board in 2-star hotel in Toulouse.<\/li>\n<li>1 night half-board in 2-star hotel in Foix.<\/li>\n<li>1 night half-board 2-star hotel in Villefranche-de-Conflent.<\/li>\n<li>1 night half-board in 2-star hotel in Argeles sur Mer.<\/li>\n<\/ul>\n<p>Traveling by train is also about taking your time and caring for the environment. Day and night, we have designed these itineraries to allow you to experience France at a gentle pace, in harmony with its landscapes.<\/p>\n","protected":false},"excerpt":{"rendered":"<p>The night train journey from Paris to Toulouse offers an extraordinary experience. From Toulouse to Collioure on the Vermeille coast, this adventure invites you to take scenic side roads and travel through the mountains aboard the legendary Yellow Train in Latour-de-Carol.<\/p>\n","protected":false},"featured_media":7907,"template":"","meta":{"_acf_changed":false,"inline_featured_image":false},"product_brand":[],"product_cat":[438,194],"product_tag":[203],"class_list":{"0":"post-7906","1":"product","2":"type-product","3":"status-publish","4":"has-post-thumbnail","6":"product_cat-thematic-tours-france","7":"product_cat-educational-tours","8":"product_tag-france-en","9":"sales-flash-overlay","10":"woocommerce-text-align-center","11":"woocommerce-image-align-center","13":"first","14":"instock","15":"virtual","16":"taxable","17":"purchasable","18":"product-type-simple"},"acf":{"sessions_repeater":null,"age":{"age_min":12,"age_max":""},"language":[],"level":["troisi\u00e8me","seconde","premi\u00e8re","terminale","quatri\u00e8me","cinqui\u00e8me","post bac"],"thematic":["Stay abroad","Optional fun trips","Thematic tours","Educational tours for groups","Cross-borders tours","Seaside"],"seasons":["all"],"dates":[],"duration":["6 days"],"accommodation":["In hotel","Overnight train"],"supervision":"","visiocolo":false,"professional_experience":""},"_links":{"self":[{"href":"https:\/\/www.cei-voyage.fr\/en\/wp-json\/wp\/v2\/product\/7906","targetHints":{"allow":["GET"]}}],"collection":[{"href":"https:\/\/www.cei-voyage.fr\/en\/wp-json\/wp\/v2\/product"}],"about":[{"href":"https:\/\/www.cei-voyage.fr\/en\/wp-json\/wp\/v2\/types\/product"}],"wp:featuredmedia":[{"embeddable":true,"href":"https:\/\/www.cei-voyage.fr\/en\/wp-json\/wp\/v2\/media\/7907"}],"wp:attachment":[{"href":"https:\/\/www.cei-voyage.fr\/en\/wp-json\/wp\/v2\/media?parent=7906"}],"wp:term":[{"taxonomy":"product_brand","embeddable":true,"href":"https:\/\/www.cei-voyage.fr\/en\/wp-json\/wp\/v2\/product_brand?post=7906"},{"taxonomy":"product_cat","embeddable":true,"href":"https:\/\/www.cei-voyage.fr\/en\/wp-json\/wp\/v2\/product_cat?post=7906"},{"taxonomy":"product_tag","embeddable":true,"href":"https:\/\/www.cei-voyage.fr\/en\/wp-json\/wp\/v2\/product_tag?post=7906"}],"curies":[{"name":"wp","href":"https:\/\/api.w.org\/{rel}","templated":true}]}}