{"id":7901,"date":"2024-07-09T10:24:14","date_gmt":"2024-07-09T08:24:14","guid":{"rendered":"https:\/\/www.cei-voyage.fr\/?post_type=product&#038;p=7901"},"modified":"2025-07-02T21:48:11","modified_gmt":"2025-07-02T19:48:11","slug":"train-journey-french-riviera","status":"publish","type":"product","link":"https:\/\/www.cei-voyage.fr\/en\/sejours\/educational-tours\/thematic-tours-france\/train-journey-french-riviera\/","title":{"rendered":"Slow travel: Paris-Nice"},"content":{"rendered":"<p>From Paris, it takes an average of 4 hours to reach Marseille by train before joining one of the most beautiful railway lines between the cliffs and the Mediterranean sea.<\/p>\n<h3>Program<\/h3>\n<ul>\n<li><strong>Day 1<\/strong> : Travel to <strong>Marseille<\/strong> and transfer to your accommodation. Discover this vibrant and colorful city with a strong local identity.<\/li>\n<li><strong>Day 2<\/strong> : Travel from Marseille to <strong>Cassis<\/strong>. Walk in the majestic Calanques National Park. Cassis is a typical Proven\u00e7al village with many shops, restaurants and cafes along the waterfront. Return to Marseille at the end of the day<\/li>\n<li><strong>Day 3<\/strong> : Travel from Marseille to <strong>Aix en Provence.<\/strong> Step into the heart of Provence for a day and discover the charm, elegance, and sunshine of Aix en-Provence \u2014 a city of art, fountains, and timeless beauty. Return to Marseille at the end of the day<\/li>\n<li><strong>Day 4<\/strong> : Travel by train to <strong>Nice<\/strong>, make a stop in <strong>Cannes<\/strong> to discover this pretty seafront city known for its international film festival and continue to Nice.<\/li>\n<li><strong>Day 5<\/strong> : Nice is a city that has always attracted many artists and tourists, famous for its Carnival, Nice is also known for its mild climate, colours and lights, and pleasant beaches.<\/li>\n<li><strong>Day 6<\/strong> : The journey can continue by train to Italy or along the coast.<\/li>\n<\/ul>\n<h3>Accommodation<\/h3>\n<ul>\n<li>3 nights half board in a residence in Marseille<\/li>\n<li>2 night half board in a 2-star hotel in Nice<\/li>\n<\/ul>\n<p>Whether you&#8217;re winding through spectacular mountain landscapes or zipping along the Mediterranean coast, there&#8217;s no better way to experience France than from the window seat of a train.<\/p>\n","protected":false},"excerpt":{"rendered":"<p>Experience the vibrant cultures of southern France during a slow-travel train journey. Begin from Paris to Marseille, travel to Cassis, then continue to the bustling cities of Cannes and Nice. This trip offers a perfect blend of art, and scenic beauty, creating unforgettable memories.<\/p>\n","protected":false},"featured_media":7815,"template":"","meta":{"_acf_changed":false,"inline_featured_image":false},"product_brand":[],"product_cat":[438,194],"product_tag":[203],"class_list":{"0":"post-7901","1":"product","2":"type-product","3":"status-publish","4":"has-post-thumbnail","6":"product_cat-thematic-tours-france","7":"product_cat-educational-tours","8":"product_tag-france-en","9":"sales-flash-overlay","10":"woocommerce-text-align-center","11":"woocommerce-image-align-center","13":"first","14":"instock","15":"virtual","16":"taxable","17":"purchasable","18":"product-type-simple"},"acf":{"sessions_repeater":null,"age":{"age_min":12,"age_max":""},"language":[],"level":["troisi\u00e8me","seconde","premi\u00e8re","terminale","quatri\u00e8me","cinqui\u00e8me","post bac"],"thematic":["Stay abroad","Optional fun trips","Thematic tours","Educational tours for groups","Cross-borders tours","Seaside"],"seasons":["all"],"dates":[],"duration":["6 days"],"accommodation":["In hotel","In residence"],"supervision":"","visiocolo":false,"professional_experience":""},"_links":{"self":[{"href":"https:\/\/www.cei-voyage.fr\/en\/wp-json\/wp\/v2\/product\/7901","targetHints":{"allow":["GET"]}}],"collection":[{"href":"https:\/\/www.cei-voyage.fr\/en\/wp-json\/wp\/v2\/product"}],"about":[{"href":"https:\/\/www.cei-voyage.fr\/en\/wp-json\/wp\/v2\/types\/product"}],"wp:featuredmedia":[{"embeddable":true,"href":"https:\/\/www.cei-voyage.fr\/en\/wp-json\/wp\/v2\/media\/7815"}],"wp:attachment":[{"href":"https:\/\/www.cei-voyage.fr\/en\/wp-json\/wp\/v2\/media?parent=7901"}],"wp:term":[{"taxonomy":"product_brand","embeddable":true,"href":"https:\/\/www.cei-voyage.fr\/en\/wp-json\/wp\/v2\/product_brand?post=7901"},{"taxonomy":"product_cat","embeddable":true,"href":"https:\/\/www.cei-voyage.fr\/en\/wp-json\/wp\/v2\/product_cat?post=7901"},{"taxonomy":"product_tag","embeddable":true,"href":"https:\/\/www.cei-voyage.fr\/en\/wp-json\/wp\/v2\/product_tag?post=7901"}],"curies":[{"name":"wp","href":"https:\/\/api.w.org\/{rel}","templated":true}]}}