{"id":7871,"date":"2024-07-08T12:28:09","date_gmt":"2024-07-08T10:28:09","guid":{"rendered":"https:\/\/www.cei-voyage.fr\/?post_type=product&#038;p=7871"},"modified":"2025-07-02T12:12:04","modified_gmt":"2025-07-02T10:12:04","slug":"historical-tour-france-belgium","status":"publish","type":"product","link":"https:\/\/www.cei-voyage.fr\/en\/sejours\/educational-tours\/historical-tours-france\/historical-tour-france-belgium\/","title":{"rendered":"Memory tourism : battlefield tours through France and Belgium"},"content":{"rendered":"<p>This program will take you on a historical journey and lead you through historical sites all marked by the World War I.<\/p>\n<h3>Program<\/h3>\n<ul>\n<li><strong>Day\u00a0 1<\/strong> : Arrival in <strong>Ypres<\/strong> by private coach. Guided walking tour of Ypres. Dinner and night in youth hostel in Ypres.<\/li>\n<li><strong>Day 2<\/strong> : Full-day excursion by private coach to the Flanders Battlefields with a specialized guide. Includes visits to the Flanders Fields Museum and the Memorial Museum Passchendaele 1917. Dinner and overnight in a youth hostel in Ypres.<\/li>\n<li><strong>Day 3<\/strong> : Half-day excursion to the Flanders Battlefields with a specialized guide. Visit the Battle of Fromelles Museum. After lunch, travel to Amiens by private coach. Dinner at a restaurant in Amiens city center and overnight in a hotel in Amiens.<\/li>\n<li><strong>Day 4<\/strong> : Full-day trip by private coach to the Somme Battlefields with a specialized guide. Includes visits to the <strong>Franco-Australian Museum<\/strong>, the National Australian Memorial, and the new Sir John Monash Centre. Dinner at a restaurant in Amiens city center and overnight in a hotel in Amiens.<\/li>\n<li><strong>Day 5<\/strong> : In the morning, guided walking tour of <strong>Amiens<\/strong> Old District and the Cathedral. Transfer by private coach from Amiens to Paris.<\/li>\n<li><strong>Day 6<\/strong> : Enjoy a full day in Paris, including tickets to climb to the second floor of the Eiffel Tower (2nd floor), entrance to the Louvre Museum, and a cruise on the Seine River.<\/li>\n<li><strong>Day 7<\/strong> : Last day for shopping and coffee on a Parisian terrace before departure by private coach.<\/li>\n<\/ul>\n<h3>Accomodation<\/h3>\n<p>You will stay in a residence in Ypres, then Paris. You will also be accommodated in a hotel in Amiens.<\/p>\n","protected":false},"excerpt":{"rendered":"<p>This 7-day itinerary offers a perfect blend of cultural exploration, historical insights, and leisurely experiences, ensuring a memorable trip to Ypres, Amiens and Paris. Join us for an enriching adventure!<\/p>\n","protected":false},"featured_media":7872,"template":"","meta":{"_acf_changed":false,"inline_featured_image":false},"product_brand":[],"product_cat":[194,215],"product_tag":[451,203],"class_list":{"0":"post-7871","1":"product","2":"type-product","3":"status-publish","4":"has-post-thumbnail","6":"product_cat-educational-tours","7":"product_cat-historical-tours-france","8":"product_tag-belgium","9":"product_tag-france-en","10":"sales-flash-overlay","11":"woocommerce-text-align-center","12":"woocommerce-image-align-center","14":"first","15":"instock","16":"virtual","17":"taxable","18":"purchasable","19":"product-type-simple"},"acf":{"sessions_repeater":null,"age":{"age_min":12,"age_max":""},"language":[],"level":["troisi\u00e8me","seconde","premi\u00e8re","terminale","quatri\u00e8me","cinqui\u00e8me"],"thematic":["Stay abroad","Educational tours for groups","Historical tours"],"seasons":["all"],"dates":[],"duration":["1 week"],"accommodation":["In residence","In hotel"],"supervision":"","visiocolo":false,"professional_experience":""},"_links":{"self":[{"href":"https:\/\/www.cei-voyage.fr\/en\/wp-json\/wp\/v2\/product\/7871","targetHints":{"allow":["GET"]}}],"collection":[{"href":"https:\/\/www.cei-voyage.fr\/en\/wp-json\/wp\/v2\/product"}],"about":[{"href":"https:\/\/www.cei-voyage.fr\/en\/wp-json\/wp\/v2\/types\/product"}],"wp:featuredmedia":[{"embeddable":true,"href":"https:\/\/www.cei-voyage.fr\/en\/wp-json\/wp\/v2\/media\/7872"}],"wp:attachment":[{"href":"https:\/\/www.cei-voyage.fr\/en\/wp-json\/wp\/v2\/media?parent=7871"}],"wp:term":[{"taxonomy":"product_brand","embeddable":true,"href":"https:\/\/www.cei-voyage.fr\/en\/wp-json\/wp\/v2\/product_brand?post=7871"},{"taxonomy":"product_cat","embeddable":true,"href":"https:\/\/www.cei-voyage.fr\/en\/wp-json\/wp\/v2\/product_cat?post=7871"},{"taxonomy":"product_tag","embeddable":true,"href":"https:\/\/www.cei-voyage.fr\/en\/wp-json\/wp\/v2\/product_tag?post=7871"}],"curies":[{"name":"wp","href":"https:\/\/api.w.org\/{rel}","templated":true}]}}