{"id":7860,"date":"2024-07-08T09:41:23","date_gmt":"2024-07-08T07:41:23","guid":{"rendered":"https:\/\/www.cei-voyage.fr\/?post_type=product&#038;p=7860"},"modified":"2025-07-02T11:08:55","modified_gmt":"2025-07-02T09:08:55","slug":"cultural-tour-rhone-valley","status":"publish","type":"product","link":"https:\/\/www.cei-voyage.fr\/en\/sejours\/educational-tours\/cultural-tours-france\/cultural-tour-rhone-valley\/","title":{"rendered":"From the Rhone valley to the sea"},"content":{"rendered":"<p>Known for its majestic river and dynamic city of Lyon, the Rh\u00f4ne Valley will surprise you with its varied landscapes, preserved natural spaces, gastronomy, diversity of local products, and the charm of its festivities.<\/p>\n<h3>5 day itinerary<\/h3>\n<ul>\n<li><strong>Day 1<\/strong> : Arrive in <strong>Lyon<\/strong> and enjoy some free time to explore the city at your leisure.<\/li>\n<li><strong>Day 2<\/strong> : Start the day with a guided tour of the Old Town, a UNESCO World Heritage site. Visit a traditional silk workshop to learn about Lyon&#8217;s rich history in the silk industry.<\/li>\n<li><strong>Day 3<\/strong> : Full day excursion by private coach to Annecy. Guided walking tour of the city and free time around the lake<\/li>\n<li><strong>Day 4<\/strong> : Take the train from Lyon to Montpellier.<\/li>\n<li><strong>Day 5<\/strong> : Guided walking tour of the city in the morning. Departure by private coach to Aigues-Mortes after lunch to visit the salin by little train.<\/li>\n<li><strong>Day 6<\/strong> : Full day excursion by private coach to N\u00eemes for a guided tour of the Arenas. Stop at Pont du Gard on the road for a visit.<\/li>\n<li><strong>Day 7<\/strong> : Spend the last day shopping and enjoying coffee in Montpellier before your departure.<\/li>\n<\/ul>\n<h3>Accommodation<\/h3>\n<p>You will enjoy a half-board in residence accommodation.<\/p>\n","protected":false},"excerpt":{"rendered":"<p>This itinerary combines guided tours, cultural experiences, and free time to explore at your own pace, ensuring a well-rounded and enriching travel experience. Discover Lyon, Annecy, N\u00eemes, Aigues-Mortes and Montpellier.<\/p>\n","protected":false},"featured_media":7861,"template":"","meta":{"_acf_changed":false,"inline_featured_image":false},"product_brand":[],"product_cat":[213,194],"product_tag":[203],"class_list":{"0":"post-7860","1":"product","2":"type-product","3":"status-publish","4":"has-post-thumbnail","6":"product_cat-cultural-tours-france","7":"product_cat-educational-tours","8":"product_tag-france-en","9":"sales-flash-overlay","10":"woocommerce-text-align-center","11":"woocommerce-image-align-center","13":"first","14":"instock","15":"virtual","16":"taxable","17":"purchasable","18":"product-type-simple"},"acf":{"sessions_repeater":null,"age":{"age_min":12,"age_max":""},"language":[],"level":["troisi\u00e8me","seconde","premi\u00e8re","terminale","quatri\u00e8me","cinqui\u00e8me"],"thematic":["Stay abroad","Educational tours for groups","Cultural tours"],"seasons":["all"],"dates":[],"duration":["7 days"],"accommodation":["In residence"],"supervision":"","visiocolo":false,"professional_experience":""},"_links":{"self":[{"href":"https:\/\/www.cei-voyage.fr\/en\/wp-json\/wp\/v2\/product\/7860","targetHints":{"allow":["GET"]}}],"collection":[{"href":"https:\/\/www.cei-voyage.fr\/en\/wp-json\/wp\/v2\/product"}],"about":[{"href":"https:\/\/www.cei-voyage.fr\/en\/wp-json\/wp\/v2\/types\/product"}],"wp:featuredmedia":[{"embeddable":true,"href":"https:\/\/www.cei-voyage.fr\/en\/wp-json\/wp\/v2\/media\/7861"}],"wp:attachment":[{"href":"https:\/\/www.cei-voyage.fr\/en\/wp-json\/wp\/v2\/media?parent=7860"}],"wp:term":[{"taxonomy":"product_brand","embeddable":true,"href":"https:\/\/www.cei-voyage.fr\/en\/wp-json\/wp\/v2\/product_brand?post=7860"},{"taxonomy":"product_cat","embeddable":true,"href":"https:\/\/www.cei-voyage.fr\/en\/wp-json\/wp\/v2\/product_cat?post=7860"},{"taxonomy":"product_tag","embeddable":true,"href":"https:\/\/www.cei-voyage.fr\/en\/wp-json\/wp\/v2\/product_tag?post=7860"}],"curies":[{"name":"wp","href":"https:\/\/api.w.org\/{rel}","templated":true}]}}