{"id":7827,"date":"2024-07-05T11:14:26","date_gmt":"2024-07-05T09:14:26","guid":{"rendered":"https:\/\/www.cei-voyage.fr\/?post_type=product&#038;p=7827"},"modified":"2025-07-02T10:31:58","modified_gmt":"2025-07-02T08:31:58","slug":"cultural-tour-french-riviera","status":"publish","type":"product","link":"https:\/\/www.cei-voyage.fr\/en\/sejours\/educational-tours\/cultural-tours-france\/cultural-tour-french-riviera\/","title":{"rendered":"French riviera"},"content":{"rendered":"<p>The C\u00f4te d&#8217;Azur is a mythical place: visitors from around the World flack there for the experience of a lifetime, will that experience be a part of your lifetime?<\/p>\n<h3>Program<\/h3>\n<ul>\n<li><strong>Day 1 :<\/strong> Arrival in <strong>Nice<\/strong><\/li>\n<li><strong>Day 2 :<\/strong> <strong>Nice guided city tour<\/strong>. Free time in Nice Old Town<\/li>\n<li><strong>Day 3 :<\/strong> Full day excursion to <strong>Monaco<\/strong> by train. Visit<strong> Princely Palace<\/strong> of Monaco<\/li>\n<li><strong>Day 4 :<\/strong> Full day excursion to <strong>Saint Tropez<\/strong> by boat<\/li>\n<li><strong>Day 5 :<\/strong> Last day for shopping and coffee on a sunny terrace before departure<\/li>\n<\/ul>\n<h3>Accommodation<\/h3>\n<p>The residence includes :<\/p>\n<ul>\n<li>Each bedroom is equipped with its own private shower room and WC, ensuring convenience and comfort for all guests.<\/li>\n<li>Enjoy the ease of half board accommodations, providing you with a hearty breakfast and a delightful dining experience.<\/li>\n<li>Savor the flavors of Nice with dinners served in charming local restaurants, giving you the opportunity to taste authentic regional cuisine and experience the local culture.<\/li>\n<\/ul>\n<p><span style=\"font-size: inherit;\">This residence offers a perfect blend of comfort, convenience, and cultural immersion, ensuring a pleasant and enriching stay in Nice.<\/span><\/p>\n<p>&nbsp;<\/p>\n","protected":false},"excerpt":{"rendered":"<p>This itinerary promises an unforgettable journey through some of the most picturesque and culturally rich destinations along the French Riviera : Nice, Monaco and Saint-Tropez.<\/p>\n","protected":false},"featured_media":7830,"template":"","meta":{"_acf_changed":false,"inline_featured_image":false},"product_brand":[],"product_cat":[213,194],"product_tag":[203],"class_list":{"0":"post-7827","1":"product","2":"type-product","3":"status-publish","4":"has-post-thumbnail","6":"product_cat-cultural-tours-france","7":"product_cat-educational-tours","8":"product_tag-france-en","9":"sales-flash-overlay","10":"woocommerce-text-align-center","11":"woocommerce-image-align-center","13":"first","14":"instock","15":"virtual","16":"taxable","17":"purchasable","18":"product-type-simple"},"acf":{"sessions_repeater":null,"age":{"age_min":12,"age_max":""},"language":[],"level":["troisi\u00e8me","seconde","premi\u00e8re","terminale","quatri\u00e8me","cinqui\u00e8me"],"thematic":["Stay abroad","Educational tours for groups","Cultural tours","Seaside"],"seasons":["all"],"dates":[],"duration":["5 days"],"accommodation":["In residence"],"supervision":"","visiocolo":false,"professional_experience":""},"_links":{"self":[{"href":"https:\/\/www.cei-voyage.fr\/en\/wp-json\/wp\/v2\/product\/7827","targetHints":{"allow":["GET"]}}],"collection":[{"href":"https:\/\/www.cei-voyage.fr\/en\/wp-json\/wp\/v2\/product"}],"about":[{"href":"https:\/\/www.cei-voyage.fr\/en\/wp-json\/wp\/v2\/types\/product"}],"wp:featuredmedia":[{"embeddable":true,"href":"https:\/\/www.cei-voyage.fr\/en\/wp-json\/wp\/v2\/media\/7830"}],"wp:attachment":[{"href":"https:\/\/www.cei-voyage.fr\/en\/wp-json\/wp\/v2\/media?parent=7827"}],"wp:term":[{"taxonomy":"product_brand","embeddable":true,"href":"https:\/\/www.cei-voyage.fr\/en\/wp-json\/wp\/v2\/product_brand?post=7827"},{"taxonomy":"product_cat","embeddable":true,"href":"https:\/\/www.cei-voyage.fr\/en\/wp-json\/wp\/v2\/product_cat?post=7827"},{"taxonomy":"product_tag","embeddable":true,"href":"https:\/\/www.cei-voyage.fr\/en\/wp-json\/wp\/v2\/product_tag?post=7827"}],"curies":[{"name":"wp","href":"https:\/\/api.w.org\/{rel}","templated":true}]}}