{"id":7803,"date":"2024-07-04T16:38:03","date_gmt":"2024-07-04T14:38:03","guid":{"rendered":"https:\/\/www.cei-voyage.fr\/?post_type=product&#038;p=7803"},"modified":"2025-07-02T11:58:16","modified_gmt":"2025-07-02T09:58:16","slug":"cultural-tour-paris-insolite","status":"publish","type":"product","link":"https:\/\/www.cei-voyage.fr\/en\/sejours\/educational-tours\/cultural-tours-france\/cultural-tour-paris-insolite\/","title":{"rendered":"Paris Insolite"},"content":{"rendered":"<p>If you are interested in engaging outside the classical tourist networks, let yourself be tempted by this program. We offer attractions outside of the tourist agenda mixed with conventional visits.<\/p>\n<h3>5 day itinerary<\/h3>\n<ul>\n<li><strong>Day 1<\/strong> : Arrival in Paris.<\/li>\n<li><strong>Day 2<\/strong> : In the morning, step into the dark and mysterious world of the Paris <strong>Catacombs<\/strong>, an immersive experience transporting you back in time to the 18th century when the Catacombs were first created to house the remains of Paris&#8217;s dead.<br \/>\nIn the afternoon, there will be a <strong>street art walking tour<\/strong> in the 13th arrondissement<\/li>\n<li><strong>Day 3<\/strong> : Explore Paris&#8217;s 19th arrondissement , and its cultural vitality. Visit the <strong>Cit\u00e9 des Sciences et de l&#8217;Industrie<\/strong>, a museum dedicated to scientific and technical popularization.<br \/>\nPicnic in Parc de la Villette and <strong>visit the Centquatre<\/strong>, a vast and unusual cultural center where you will find natives going about their daily business in this area.<\/li>\n<li><strong>Day 4<\/strong> : Discover the history and must-see places in the <strong>La D\u00e9fense<\/strong> district of Paris : the artwork, the towers, the green spaces, the food trucks as well as the unique elevated view of historic Paris.<\/li>\n<li><strong>Day 5<\/strong> : Last day for shopping, outdoor street markets and coffee on a Parisian terrace before departure.<\/li>\n<\/ul>\n<h3>Accommodation<\/h3>\n<p>You will enjoy a central Paris residential accommodation with half board.<\/p>\n","protected":false},"excerpt":{"rendered":"<div class=\"flex-shrink-0 flex flex-col relative items-end\">\n<div>\n<div class=\"pt-0.5 juice:pt-0\">\n<div class=\"gizmo-bot-avatar flex h-6 w-6 items-center justify-center overflow-hidden rounded-full juice:h-8 juice:w-8\">\n<div class=\"relative p-1 rounded-sm flex items-center justify-center bg-token-main-surface-primary text-token-text-primary h-8 w-8\"><span style=\"font-size: inherit;\">If you&#8217;re interested in exploring beyond the classical tourist routes, this program is perfect for you. It combines unique attractions with conventional visits. Over five days, you&#8217;ll arrive in Paris, delve into the mysterious Paris Catacombs, and discover the iconic La D\u00e9fense district with its impressive art, towers, and views. Enjoy a\u00a0central Paris residential accommodation with half board.<\/span><\/div>\n<\/div>\n<\/div>\n<\/div>\n<\/div>\n","protected":false},"featured_media":7806,"template":"","meta":{"_acf_changed":false,"inline_featured_image":false},"product_brand":[],"product_cat":[213,194],"product_tag":[203],"class_list":{"0":"post-7803","1":"product","2":"type-product","3":"status-publish","4":"has-post-thumbnail","6":"product_cat-cultural-tours-france","7":"product_cat-educational-tours","8":"product_tag-france-en","9":"sales-flash-overlay","10":"woocommerce-text-align-center","11":"woocommerce-image-align-center","13":"first","14":"instock","15":"virtual","16":"taxable","17":"purchasable","18":"product-type-simple"},"acf":{"sessions_repeater":null,"age":{"age_min":12,"age_max":""},"language":[],"level":["troisi\u00e8me","seconde","premi\u00e8re","terminale","quatri\u00e8me","cinqui\u00e8me"],"thematic":["Stay abroad","Educational tours for groups","Cultural tours"],"seasons":["all"],"dates":[],"duration":["5 days"],"accommodation":["In residence"],"supervision":"","visiocolo":false,"professional_experience":""},"_links":{"self":[{"href":"https:\/\/www.cei-voyage.fr\/en\/wp-json\/wp\/v2\/product\/7803","targetHints":{"allow":["GET"]}}],"collection":[{"href":"https:\/\/www.cei-voyage.fr\/en\/wp-json\/wp\/v2\/product"}],"about":[{"href":"https:\/\/www.cei-voyage.fr\/en\/wp-json\/wp\/v2\/types\/product"}],"wp:featuredmedia":[{"embeddable":true,"href":"https:\/\/www.cei-voyage.fr\/en\/wp-json\/wp\/v2\/media\/7806"}],"wp:attachment":[{"href":"https:\/\/www.cei-voyage.fr\/en\/wp-json\/wp\/v2\/media?parent=7803"}],"wp:term":[{"taxonomy":"product_brand","embeddable":true,"href":"https:\/\/www.cei-voyage.fr\/en\/wp-json\/wp\/v2\/product_brand?post=7803"},{"taxonomy":"product_cat","embeddable":true,"href":"https:\/\/www.cei-voyage.fr\/en\/wp-json\/wp\/v2\/product_cat?post=7803"},{"taxonomy":"product_tag","embeddable":true,"href":"https:\/\/www.cei-voyage.fr\/en\/wp-json\/wp\/v2\/product_tag?post=7803"}],"curies":[{"name":"wp","href":"https:\/\/api.w.org\/{rel}","templated":true}]}}