{"id":7725,"date":"2024-07-02T14:39:07","date_gmt":"2024-07-02T12:39:07","guid":{"rendered":"https:\/\/www.cei-voyage.fr\/?post_type=product&#038;p=7725"},"modified":"2025-07-04T16:18:21","modified_gmt":"2025-07-04T14:18:21","slug":"french-activity-program-arcachon-bay","status":"publish","type":"product","link":"https:\/\/www.cei-voyage.fr\/en\/sejours\/summer-international-programs\/atlantic-coast-program\/french-activity-program-arcachon-bay\/","title":{"rendered":"French &#038; activity program Arcachon bay"},"content":{"rendered":"<p>Students have the opportunity to enjoy exciting activities after morning classes. You will also be able to mix directly with people and practice your French during the morning school break and the afternoon activities !<\/p>\n<h3>Program<\/h3>\n<p>Our experienced teachers employ interactive teaching methods, fostering a supportive and immersive learning environment.<\/p>\n<ul>\n<li>Embark on a captivating guided tour of Arcachon.<\/li>\n<li>Explore the natural wonder of the Dune of Pilat, the tallest sand dune in Europe. Climb to the top for breathtaking panoramic views of the Atlantic Ocean and the surrounding forest.<\/li>\n<li>Set sail across the scenic Arcachon Bassin towards Cap Ferret. This picturesque journey offers stunning views of the bay\u2019s diverse landscapes, including waters, lush vegetation, and charming fishing villages.<\/li>\n<li>Dive into a world of fun and excitement at Aqualand, a water park featuring thrilling slides, wave pools, and various aquatic attractions. Perfect for all ages, Aqualand promises a day filled with laughter, adventure, and refreshing water activities.<\/li>\n<li>Paddle through the serene waters of the Arcachon Basin in a canoe. This peaceful activity allows you to explore the natural beauty of the area.<\/li>\n<li>Experience the thrill of canoeing down the beautiful and luxuriant Leyre delta<\/li>\n<li>And for a unique outdoor experience, go horse riding through the coastal forests or along sandy trails \u2014 a memorable way to connect with nature and explore the region differently.<\/li>\n<li>Explore the scenic routes and trails of Arcachon and its surroundings on a bicycle.<\/li>\n<\/ul>\n<p>Our activity program is packed with a variety of exciting options to ensure a memorable and enriching experience.<\/p>\n","protected":false},"excerpt":{"rendered":"<p>This comprehensive program promises an unforgettable blend of adventure, culture, and relaxation, providing a perfect opportunity to discover the wonders of the Arcachon bay and its enchanting surroundings.<\/p>\n","protected":false},"featured_media":7726,"template":"","meta":{"_acf_changed":false,"inline_featured_image":false},"product_brand":[],"product_cat":[178,206],"product_tag":[203],"class_list":{"0":"post-7725","1":"product","2":"type-product","3":"status-publish","4":"has-post-thumbnail","6":"product_cat-summer-international-programs","7":"product_cat-atlantic-coast-program","8":"product_tag-france-en","9":"sales-flash-overlay","10":"woocommerce-text-align-center","11":"woocommerce-image-align-center","13":"first","14":"instock","15":"virtual","16":"taxable","17":"product-type-simple"},"acf":{"sessions_repeater":null,"age":{"age_min":12,"age_max":18},"language":[],"level":["troisi\u00e8me","seconde","premi\u00e8re","terminale","quatri\u00e8me","cinqui\u00e8me"],"thematic":["Stay abroad","International summer language holidays"],"seasons":["summer"],"dates":[],"duration":["2 weeks","3 weeks","4 weeks"],"accommodation":["In a host family"],"supervision":"","visiocolo":false,"professional_experience":""},"_links":{"self":[{"href":"https:\/\/www.cei-voyage.fr\/en\/wp-json\/wp\/v2\/product\/7725","targetHints":{"allow":["GET"]}}],"collection":[{"href":"https:\/\/www.cei-voyage.fr\/en\/wp-json\/wp\/v2\/product"}],"about":[{"href":"https:\/\/www.cei-voyage.fr\/en\/wp-json\/wp\/v2\/types\/product"}],"wp:featuredmedia":[{"embeddable":true,"href":"https:\/\/www.cei-voyage.fr\/en\/wp-json\/wp\/v2\/media\/7726"}],"wp:attachment":[{"href":"https:\/\/www.cei-voyage.fr\/en\/wp-json\/wp\/v2\/media?parent=7725"}],"wp:term":[{"taxonomy":"product_brand","embeddable":true,"href":"https:\/\/www.cei-voyage.fr\/en\/wp-json\/wp\/v2\/product_brand?post=7725"},{"taxonomy":"product_cat","embeddable":true,"href":"https:\/\/www.cei-voyage.fr\/en\/wp-json\/wp\/v2\/product_cat?post=7725"},{"taxonomy":"product_tag","embeddable":true,"href":"https:\/\/www.cei-voyage.fr\/en\/wp-json\/wp\/v2\/product_tag?post=7725"}],"curies":[{"name":"wp","href":"https:\/\/api.w.org\/{rel}","templated":true}]}}