{"id":7685,"date":"2024-06-28T10:58:44","date_gmt":"2024-06-28T08:58:44","guid":{"rendered":"https:\/\/www.cei-voyage.fr\/?post_type=product&#038;p=7685"},"modified":"2025-07-02T12:40:32","modified_gmt":"2025-07-02T10:40:32","slug":"paris-normandy-loire","status":"publish","type":"product","link":"https:\/\/www.cei-voyage.fr\/en\/sejours\/educational-tours\/historical-tours-france\/paris-normandy-loire\/","title":{"rendered":"Paris, Normandy and Loire Valley"},"content":{"rendered":"<p>Ideal for groups interested in history and culture, this discovery tour will guide you in the paths of famous historical figures and landmarks in Paris, Normandy and Loire Valley. Follow the guide !<\/p>\n<h3>Program<\/h3>\n<ul>\n<li><strong>Day\u00a0 1<\/strong> : Arrival in <strong>Paris<\/strong>, start exploring the historical sites by private coach with a guided city tour including stops at Bastille, Invalides with visit Napoleon&#8217;s tomb, Hotel de Ville, Arc de Triomphe, a patriotic site where a ceremony is given every night at 6.30pm in honor of the Unknown soldier from WWI.<\/li>\n<li><strong>Day 2<\/strong> : Travel by private coach to Normandy. Head to Caen and visit the Memorial de Caen Museum featuring a historical trip through WWII. Overnight in Caen.<\/li>\n<li><strong>Day 3<\/strong> : Head off to <strong>Arromanches<\/strong>. Visit the D-Day landing museum and the American Cemetery of Omaha Beach. In the afternoon, discover Bayeux and its famous tapestry. Head to Mont Saint-Michel for the overnight.<\/li>\n<li><strong>Day 4<\/strong> : Discover <strong>Mont Saint-Michel<\/strong> abbey and travel to Saint-Malo for a guided city tour. Overnight in Saint-Malo.<\/li>\n<li><strong>Day 5<\/strong> : Head to the Loire Valley. Make a stop in Amboise to visit the castle and travel to Tours for the night.<\/li>\n<li><strong>Day 6<\/strong> : Head to Clos Luce Castle, Leonardo Da Vinci&#8217;s former residence and <strong>Chambord castle<\/strong> before travelling to Paris for the night.<\/li>\n<li><strong>Day 7<\/strong> : Last day for shopping and coffee on a Parisian terrace before departure.<\/li>\n<\/ul>\n<h3>Accommodation<\/h3>\n<p>You will be accommodated in a residence and in various hotels, half-board.<\/p>\n","protected":false},"excerpt":{"rendered":"<p>This 7-day itinerary offers a perfect blend of cultural exploration, historical insights, and leisurely experiences, ensuring a memorable trip to Paris, Normandy and Loire Valley. Join us for an enriching adventure!<\/p>\n","protected":false},"featured_media":7686,"template":"","meta":{"_acf_changed":false,"inline_featured_image":false},"product_brand":[],"product_cat":[194,215],"product_tag":[203],"class_list":{"0":"post-7685","1":"product","2":"type-product","3":"status-publish","4":"has-post-thumbnail","6":"product_cat-educational-tours","7":"product_cat-historical-tours-france","8":"product_tag-france-en","9":"sales-flash-overlay","10":"woocommerce-text-align-center","11":"woocommerce-image-align-center","13":"first","14":"instock","15":"virtual","16":"taxable","17":"purchasable","18":"product-type-simple"},"acf":{"sessions_repeater":null,"age":{"age_min":12,"age_max":""},"language":[],"level":["troisi\u00e8me","seconde","premi\u00e8re","terminale","quatri\u00e8me","cinqui\u00e8me"],"thematic":["Stay abroad","Educational tours for groups","Historical tours"],"seasons":["all"],"dates":[],"duration":["1 week"],"accommodation":["In residence","In hotel"],"supervision":"","visiocolo":false,"professional_experience":""},"_links":{"self":[{"href":"https:\/\/www.cei-voyage.fr\/en\/wp-json\/wp\/v2\/product\/7685","targetHints":{"allow":["GET"]}}],"collection":[{"href":"https:\/\/www.cei-voyage.fr\/en\/wp-json\/wp\/v2\/product"}],"about":[{"href":"https:\/\/www.cei-voyage.fr\/en\/wp-json\/wp\/v2\/types\/product"}],"wp:featuredmedia":[{"embeddable":true,"href":"https:\/\/www.cei-voyage.fr\/en\/wp-json\/wp\/v2\/media\/7686"}],"wp:attachment":[{"href":"https:\/\/www.cei-voyage.fr\/en\/wp-json\/wp\/v2\/media?parent=7685"}],"wp:term":[{"taxonomy":"product_brand","embeddable":true,"href":"https:\/\/www.cei-voyage.fr\/en\/wp-json\/wp\/v2\/product_brand?post=7685"},{"taxonomy":"product_cat","embeddable":true,"href":"https:\/\/www.cei-voyage.fr\/en\/wp-json\/wp\/v2\/product_cat?post=7685"},{"taxonomy":"product_tag","embeddable":true,"href":"https:\/\/www.cei-voyage.fr\/en\/wp-json\/wp\/v2\/product_tag?post=7685"}],"curies":[{"name":"wp","href":"https:\/\/api.w.org\/{rel}","templated":true}]}}