{"id":7663,"date":"2024-06-27T11:10:17","date_gmt":"2024-06-27T09:10:17","guid":{"rendered":"https:\/\/www.cei-voyage.fr\/?post_type=product&#038;p=7663"},"modified":"2025-07-04T16:11:56","modified_gmt":"2025-07-04T14:11:56","slug":"host-family-immersion-france","status":"publish","type":"product","link":"https:\/\/www.cei-voyage.fr\/en\/sejours\/summer-international-programs\/atlantic-coast-program\/host-family-immersion-france\/","title":{"rendered":"Total immersion in France"},"content":{"rendered":"<p>We offer a <strong>homestay program<\/strong> in various parts of France. This is a unique opportunity to discover the French culture while living with a French host family and totally immerse participants in everyday French life.<\/p>\n<h3>Host family<\/h3>\n<p>Our host families are carefully selected after an interview and a home visit by a CEI local coordinator. Availability, open-mindness and hospitality are the major criteria. All families live in safe and quiet residential areas.<\/p>\n<h3>Region options<\/h3>\n<p>Choose your region from the following destinations in France (#1, #2 and #3 choice requested):<\/p>\n<ul>\n<li>Occitanie<\/li>\n<li>Aquitaine<\/li>\n<li>Bretagne &#8211; Pays de la Loire &#8211; Normandie<\/li>\n<li>Auvergne &#8211; Rh\u00f4ne-Alpes<\/li>\n<li>Grand-Est<\/li>\n<li>\u00cele-de-France<\/li>\n<li>Centre &#8211; Val de Loire<\/li>\n<li>Bourgogne &#8211; Franche-Comt\u00e9<\/li>\n<li>Hauts-de-France<\/li>\n<\/ul>\n","protected":false},"excerpt":{"rendered":"<p>We offer a homestay program in various parts of France, allowing participants to fully immerse themselves in French culture by living with carefully selected host families. Experience everyday French life in safe and quiet residential areas. Choose from multiple regions for a truly personalized cultural experience.<\/p>\n","protected":false},"featured_media":7664,"template":"","meta":{"_acf_changed":false,"inline_featured_image":false},"product_brand":[],"product_cat":[178,206],"product_tag":[203],"class_list":{"0":"post-7663","1":"product","2":"type-product","3":"status-publish","4":"has-post-thumbnail","6":"product_cat-summer-international-programs","7":"product_cat-atlantic-coast-program","8":"product_tag-france-en","9":"sales-flash-overlay","10":"woocommerce-text-align-center","11":"woocommerce-image-align-center","13":"first","14":"instock","15":"virtual","16":"taxable","17":"product-type-simple"},"acf":{"sessions_repeater":null,"age":{"age_min":13,"age_max":18},"language":[],"level":["troisi\u00e8me","seconde","premi\u00e8re","terminale","quatri\u00e8me"],"thematic":["Stay abroad","Immersion programs"],"seasons":["summer"],"dates":[],"duration":["1 week","2 weeks","3 weeks","4 weeks"],"accommodation":["In a host family"],"supervision":"","visiocolo":false,"professional_experience":""},"_links":{"self":[{"href":"https:\/\/www.cei-voyage.fr\/en\/wp-json\/wp\/v2\/product\/7663","targetHints":{"allow":["GET"]}}],"collection":[{"href":"https:\/\/www.cei-voyage.fr\/en\/wp-json\/wp\/v2\/product"}],"about":[{"href":"https:\/\/www.cei-voyage.fr\/en\/wp-json\/wp\/v2\/types\/product"}],"wp:featuredmedia":[{"embeddable":true,"href":"https:\/\/www.cei-voyage.fr\/en\/wp-json\/wp\/v2\/media\/7664"}],"wp:attachment":[{"href":"https:\/\/www.cei-voyage.fr\/en\/wp-json\/wp\/v2\/media?parent=7663"}],"wp:term":[{"taxonomy":"product_brand","embeddable":true,"href":"https:\/\/www.cei-voyage.fr\/en\/wp-json\/wp\/v2\/product_brand?post=7663"},{"taxonomy":"product_cat","embeddable":true,"href":"https:\/\/www.cei-voyage.fr\/en\/wp-json\/wp\/v2\/product_cat?post=7663"},{"taxonomy":"product_tag","embeddable":true,"href":"https:\/\/www.cei-voyage.fr\/en\/wp-json\/wp\/v2\/product_tag?post=7663"}],"curies":[{"name":"wp","href":"https:\/\/api.w.org\/{rel}","templated":true}]}}