{"id":7618,"date":"2024-06-25T16:56:02","date_gmt":"2024-06-25T14:56:02","guid":{"rendered":"https:\/\/www.cei-voyage.fr\/?post_type=product&#038;p=7618"},"modified":"2025-07-04T16:23:27","modified_gmt":"2025-07-04T14:23:27","slug":"french-surf-program-arcachon-bay","status":"publish","type":"product","link":"https:\/\/www.cei-voyage.fr\/en\/sejours\/summer-international-programs\/atlantic-coast-program\/french-surf-program-arcachon-bay\/","title":{"rendered":"French &#038; surf program Arcachon bay"},"content":{"rendered":"<p>This program provides a combination of <strong>French and surfing lessons<\/strong> on the southwest ocean coast of France.<\/p>\n<h3>Program<\/h3>\n<p>Our <strong>surf-themed summer program<\/strong> offers a blend of education and adventure. After their morning French classes, students will have the opportunity to dive into the waves with 4 surf lessons each week.<\/p>\n<p>Daily transport is arranged to take students to the surf spot.<\/p>\n<p>Surf lessons are adapted to each level, from complete beginners to more advanced surfers. Students will be provided with high quality wetsuits and surfboards, that are lent by the school.<\/p>\n<p>All participants will be able to choose from a variety of surfboards including foam boards creating a safe and fun learning environment. This variety allows each student to find the board that best suits their level and helps them gain confidence in the water.<\/p>\n<p>Participants also take part in a weekly excursion with the international group.<\/p>\n<p>An unforgettable program combining surf, language learning and cultural discovery.<\/p>\n","protected":false},"excerpt":{"rendered":"<p>This program is designed to offer a balanced mix of language learning, physical activity, and cultural immersion, ensuring that students have a truly unforgettable experience. By the end of their stay, students will not only have improved their French and surfing skills but also created lasting memories.<\/p>\n","protected":false},"featured_media":7728,"template":"","meta":{"_acf_changed":false,"inline_featured_image":false},"product_brand":[],"product_cat":[178,206],"product_tag":[203],"class_list":{"0":"post-7618","1":"product","2":"type-product","3":"status-publish","4":"has-post-thumbnail","6":"product_cat-summer-international-programs","7":"product_cat-atlantic-coast-program","8":"product_tag-france-en","9":"sales-flash-overlay","10":"woocommerce-text-align-center","11":"woocommerce-image-align-center","13":"first","14":"instock","15":"virtual","16":"taxable","17":"product-type-simple"},"acf":{"sessions_repeater":null,"age":{"age_min":12,"age_max":18},"language":[],"level":["troisi\u00e8me","seconde","premi\u00e8re","terminale","quatri\u00e8me","cinqui\u00e8me"],"thematic":["Stay abroad","International summer language holidays","Adventure","Surf"],"seasons":["summer"],"dates":[],"duration":["2 weeks"],"accommodation":["In a host family"],"supervision":"","visiocolo":false,"professional_experience":""},"_links":{"self":[{"href":"https:\/\/www.cei-voyage.fr\/en\/wp-json\/wp\/v2\/product\/7618","targetHints":{"allow":["GET"]}}],"collection":[{"href":"https:\/\/www.cei-voyage.fr\/en\/wp-json\/wp\/v2\/product"}],"about":[{"href":"https:\/\/www.cei-voyage.fr\/en\/wp-json\/wp\/v2\/types\/product"}],"wp:featuredmedia":[{"embeddable":true,"href":"https:\/\/www.cei-voyage.fr\/en\/wp-json\/wp\/v2\/media\/7728"}],"wp:attachment":[{"href":"https:\/\/www.cei-voyage.fr\/en\/wp-json\/wp\/v2\/media?parent=7618"}],"wp:term":[{"taxonomy":"product_brand","embeddable":true,"href":"https:\/\/www.cei-voyage.fr\/en\/wp-json\/wp\/v2\/product_brand?post=7618"},{"taxonomy":"product_cat","embeddable":true,"href":"https:\/\/www.cei-voyage.fr\/en\/wp-json\/wp\/v2\/product_cat?post=7618"},{"taxonomy":"product_tag","embeddable":true,"href":"https:\/\/www.cei-voyage.fr\/en\/wp-json\/wp\/v2\/product_tag?post=7618"}],"curies":[{"name":"wp","href":"https:\/\/api.w.org\/{rel}","templated":true}]}}