{"id":7593,"date":"2024-06-25T10:04:32","date_gmt":"2024-06-25T08:04:32","guid":{"rendered":"https:\/\/www.cei-voyage.fr\/?post_type=product&#038;p=7593"},"modified":"2025-07-04T16:26:31","modified_gmt":"2025-07-04T14:26:31","slug":"sailing-program-saint-malo-brittany","status":"publish","type":"product","link":"https:\/\/www.cei-voyage.fr\/en\/sejours\/summer-international-programs\/brittany-international-program\/sailing-program-saint-malo-brittany\/","title":{"rendered":"French &#038; sailing program Saint-Malo"},"content":{"rendered":"<p>One of the unique highlights of our summer program in Brittany is the opportunity for students to sail with French teenagers. This immersive activity creates real-life interaction and also builds teamwork with peers from different cultural backgrounds.<\/p>\n<h3>Program in Brittany<\/h3>\n<ul>\n<li>Our program includes morning French language classes, tailored to the need of international students. These classes are held in a French institution with well-selected French teachers. Lessons are designed to be engaging and interactive, ensuring that students can improve their French in a supportive environment.<\/li>\n<li>5 sailing sessions per week are conducted in the afternoons, providing a perfect blend of language learning and outdoor adventure.<\/li>\n<li>We prioritize the safety and well-being of our students. The sailing activities are conducted under maximum security measures, with all necessary safety protocols. Additionally, all equipment required for sailing is provided, except the swimming suit<\/li>\n<li>Students will also have the opportunity to join our international group on weekly excursions. These excursions are carefully planned to provide cultural enrichment and exploration of Brittany\u2019s stunning landscapes and historic sites. Beginners are welcome!<\/li>\n<\/ul>\n<h3>Accommodation<\/h3>\n<p>Experience the hospitality of living with a local host family. You will enjoy a full board, including all meals. It is the perfect opportunity to immerse yourself in the daily life of a French family and discover a new culture.<\/p>\n","protected":false},"excerpt":{"rendered":"<p>By participating in our summer international language holiday in Brittany, students will enjoy a rich and diverse experience that combines language learning, cultural immersion, and exciting activities.<\/p>\n","protected":false},"featured_media":7594,"template":"","meta":{"_acf_changed":false,"inline_featured_image":false},"product_brand":[],"product_cat":[207,178],"product_tag":[203],"class_list":{"0":"post-7593","1":"product","2":"type-product","3":"status-publish","4":"has-post-thumbnail","6":"product_cat-brittany-international-program","7":"product_cat-summer-international-programs","8":"product_tag-france-en","9":"sales-flash-overlay","10":"woocommerce-text-align-center","11":"woocommerce-image-align-center","13":"first","14":"instock","15":"virtual","16":"taxable","17":"product-type-simple"},"acf":{"sessions_repeater":null,"age":{"age_min":12,"age_max":18},"language":[],"level":["troisi\u00e8me","seconde","premi\u00e8re","terminale","quatri\u00e8me","cinqui\u00e8me"],"thematic":["Sport","Stay abroad","International summer language holidays","Adventure"],"seasons":["summer"],"dates":[],"duration":["2 weeks"],"accommodation":["In a host family"],"supervision":"","visiocolo":false,"professional_experience":""},"_links":{"self":[{"href":"https:\/\/www.cei-voyage.fr\/en\/wp-json\/wp\/v2\/product\/7593","targetHints":{"allow":["GET"]}}],"collection":[{"href":"https:\/\/www.cei-voyage.fr\/en\/wp-json\/wp\/v2\/product"}],"about":[{"href":"https:\/\/www.cei-voyage.fr\/en\/wp-json\/wp\/v2\/types\/product"}],"wp:featuredmedia":[{"embeddable":true,"href":"https:\/\/www.cei-voyage.fr\/en\/wp-json\/wp\/v2\/media\/7594"}],"wp:attachment":[{"href":"https:\/\/www.cei-voyage.fr\/en\/wp-json\/wp\/v2\/media?parent=7593"}],"wp:term":[{"taxonomy":"product_brand","embeddable":true,"href":"https:\/\/www.cei-voyage.fr\/en\/wp-json\/wp\/v2\/product_brand?post=7593"},{"taxonomy":"product_cat","embeddable":true,"href":"https:\/\/www.cei-voyage.fr\/en\/wp-json\/wp\/v2\/product_cat?post=7593"},{"taxonomy":"product_tag","embeddable":true,"href":"https:\/\/www.cei-voyage.fr\/en\/wp-json\/wp\/v2\/product_tag?post=7593"}],"curies":[{"name":"wp","href":"https:\/\/api.w.org\/{rel}","templated":true}]}}