{"id":7472,"date":"2024-06-14T15:42:35","date_gmt":"2024-06-14T13:42:35","guid":{"rendered":"https:\/\/www.cei-voyage.fr\/?post_type=product&#038;p=7472"},"modified":"2025-07-17T17:06:16","modified_gmt":"2025-07-17T15:06:16","slug":"high-school-select-regional-options","status":"publish","type":"product","link":"https:\/\/www.cei-voyage.fr\/en\/sejours\/academic-year-program-france\/homestay-family-france\/high-school-select-regional-options\/","title":{"rendered":"High school select"},"content":{"rendered":"<h3>Immersion in a French host family<\/h3>\n<p>Living with a host family provides a unique chance to deeply engage with a new culture. Our <strong>host families<\/strong>, as varied as our participants, are meticulously chosen for this experience. We put significant effort into pairing students with families by considering their profiles, personalities, and mutual interests, guaranteeing a pleasant and enriching stay. This approach not only boosts cultural appreciation but also creates enduring bonds and memories that will last forever.<\/p>\n<h3>CEI can offer the following guarantees :<\/h3>\n<ul>\n<li>A choice of region.<\/li>\n<li>An urban placement.<\/li>\n<li>Accommodations to specific dietary restrictions\/allergies.<\/li>\n<li>A specific extra-curricular activity (sport, music&#8230;).<\/li>\n<li>Private schools upon request with additional extra fees.<\/li>\n<\/ul>\n<p>Students are placed in a host family on a full board basis.<\/p>\n<h3>Available placement regions in France :<\/h3>\n<ul>\n<li><strong>Hauts-de-France<\/strong> : Lille, Amiens, Cambrai, Roubaix.<\/li>\n<li><strong>Bourgogne &#8211; Franche Comt\u00e9<\/strong> : Besan\u00e7on, Lons-le-Saunier, M\u00e2con, Chalon-sur-Sa\u00f4ne.<\/li>\n<li><strong>Centre-Val de Loire<\/strong> : Chartres, Tours, Bourges.<\/li>\n<li><strong>Occitanie<\/strong> : Toulouse, Castres, Montpellier, N\u00eemes.<\/li>\n<li><strong>Nouvelle Aquitaine<\/strong> : Bordeaux, Arcachon Bay, Bayonne, La Rochelle.<\/li>\n<li><strong>Bretagne, Pays de la Loire, Normandie<\/strong> : Rennes, Saint-Malo, Vannes, Nantes, Rouen, Caen, Angers.<\/li>\n<li><strong>Auvergne Rh\u00f4ne Alpes<\/strong> : Lyon, Valence, Mont\u00e9limar, Clermont-Ferrand.<\/li>\n<li><strong>Grand-Est<\/strong> : Nancy, Strasbourg, Metz, Reims, Troyes.<\/li>\n<li><strong>Provence<\/strong> : N\u00eemes, Avignon, Montpellier, S\u00e8te, Marseille.<\/li>\n<li><strong>Paris<\/strong> : Paris and suburbs.<\/li>\n<\/ul>\n<h3>Program<\/h3>\n<p>Students are assigned to either public or private schools. They will attend school five days a week, usually from 8:00 am to 5:00 pm or 6:00 pm, sharing classes with French peers.<\/p>\n<p>Based on their age, students will be placed in Troisi\u00e8me (14-15 years old) or Seconde (15-16 years old). They typically study subjects such as French literature, foreign languages, history, math, economics, and science. Students placed in Classe of Premi\u00e8re and Terminale (16 to 18 years old) will be able to express their preferences for French major subjects. All classes are taught in French.<\/p>\n","protected":false},"excerpt":{"rendered":"<p>CEI is thrilled to present an exciting opportunity : studying at a French <strong>secondary school<\/strong> (Coll\u00e8ge or Lyc\u00e9e) while living with a welcoming host family.<\/p>\n","protected":false},"featured_media":7476,"template":"","meta":{"_acf_changed":false,"inline_featured_image":false},"product_brand":[],"product_cat":[198,199],"product_tag":[203],"class_list":{"0":"post-7472","1":"product","2":"type-product","3":"status-publish","4":"has-post-thumbnail","6":"product_cat-academic-year-program-france","7":"product_cat-homestay-family-france","8":"product_tag-france-en","9":"sales-flash-overlay","10":"woocommerce-text-align-center","11":"woocommerce-image-align-center","13":"first","14":"outofstock","15":"virtual","16":"taxable","17":"product-type-simple"},"acf":{"sessions_repeater":[{"session_id":"","session_beginning_date":"","session_ending_date":"","session_price":"","session_quantity":""}],"age":{"age_min":14,"age_max":18},"language":[],"level":["troisi\u00e8me","seconde","premi\u00e8re","terminale"],"thematic":["Linguistic","Study abroad","Language courses for students and adults"],"seasons":["all"],"dates":[],"duration":["3 months","4 months","6 months","10 months","11 months"],"accommodation":["Family immersion"],"supervision":"","visiocolo":false,"professional_experience":""},"_links":{"self":[{"href":"https:\/\/www.cei-voyage.fr\/en\/wp-json\/wp\/v2\/product\/7472","targetHints":{"allow":["GET"]}}],"collection":[{"href":"https:\/\/www.cei-voyage.fr\/en\/wp-json\/wp\/v2\/product"}],"about":[{"href":"https:\/\/www.cei-voyage.fr\/en\/wp-json\/wp\/v2\/types\/product"}],"wp:featuredmedia":[{"embeddable":true,"href":"https:\/\/www.cei-voyage.fr\/en\/wp-json\/wp\/v2\/media\/7476"}],"wp:attachment":[{"href":"https:\/\/www.cei-voyage.fr\/en\/wp-json\/wp\/v2\/media?parent=7472"}],"wp:term":[{"taxonomy":"product_brand","embeddable":true,"href":"https:\/\/www.cei-voyage.fr\/en\/wp-json\/wp\/v2\/product_brand?post=7472"},{"taxonomy":"product_cat","embeddable":true,"href":"https:\/\/www.cei-voyage.fr\/en\/wp-json\/wp\/v2\/product_cat?post=7472"},{"taxonomy":"product_tag","embeddable":true,"href":"https:\/\/www.cei-voyage.fr\/en\/wp-json\/wp\/v2\/product_tag?post=7472"}],"curies":[{"name":"wp","href":"https:\/\/api.w.org\/{rel}","templated":true}]}}