{"id":7457,"date":"2022-07-27T12:12:59","date_gmt":"2022-07-27T10:12:59","guid":{"rendered":"https:\/\/www.cei-voyage.fr\/?post_type=product&#038;p=7457"},"modified":"2025-07-02T16:06:31","modified_gmt":"2025-07-02T14:06:31","slug":"skiing-in-the-alps","status":"publish","type":"product","link":"https:\/\/www.cei-voyage.fr\/en\/sejours\/educational-tours\/thematic-tours-france\/skiing-in-the-alps\/","title":{"rendered":"Skiing in the Alps"},"content":{"rendered":"<h2><strong>Ski vacation camp for teenagers 2025<\/strong><\/h2>\n<p>Join our team of experienced activity leaders on the Portes du Soleil ski slopes in Haute-Savoie! In the heart of the Franco-Swiss Portes du Soleil area, the largest ski area in the world, Ch\u00e2tel is a village resort with a wide variety of slopes suitable for skiers of all levels.<\/p>\n<h3>Accomodation<\/h3>\n<p>The chalet offers comfortable shared bedrooms within walking distance to the ski lifts, providing easy access to the slopes. All the participants can enjoy a full pension service, which includes all meals throughout their trip. Each floor of the chalet is equipped with sanitation facilities, including toilets and showers.<\/p>\n<p>Meals are varied and well-balanced, thoughtfully prepared by the resident chef, and served at the table to create a welcoming dining experience. For relaxation and entertainment, the chalet features spacious recreation rooms with a TV, a large dining area, and various games, perfect for unwinding after a day on the slopes.<\/p>\n<h3>Program<\/h3>\n<ul>\n<li>The trip includes 5 days of skiing, expertly guided by qualified CEI animators to ensure both safety and enjoyment on the slopes. All necessary skiing materials, as well as ski passes, are provided, so participants can fully focus on their skiing experience without any hassle.<\/li>\n<li>Beyond skiing, a range of local activities is available to enhance the adventure. Participants can enjoy fun snowball fights, take guided tours of the charming village of Ch\u00e2tel, and enjoy tasting a variety of local specialities, immersing themselves in the region&#8217;s culture.<\/li>\n<li>Evenings are filled with engaging activities designed to create memorable moments. Youngsters can gather for lively board games, join in on karaoke sessions, or participate in a magical torchlight descent, adding a unique touch to their skiing holiday.<\/li>\n<\/ul>\n","protected":false},"excerpt":{"rendered":"<p>For mountain and skiing enthusiasts, this program is for you! In the heart of the vast unspoiled skiing area called &#8220;Les Portes du Soleil&#8221;, Ch\u00e2tel offers a perfectly preserved mountain setting and a vast unspoiled ski area with 56 ski lifts, 69 ski slopes, 130km of fun! Intermediate and advanced level.<\/p>\n","protected":false},"featured_media":11154,"template":"","meta":{"_acf_changed":false,"inline_featured_image":false},"product_brand":[],"product_cat":[438],"product_tag":[203],"class_list":{"0":"post-7457","1":"product","2":"type-product","3":"status-publish","4":"has-post-thumbnail","6":"product_cat-thematic-tours-france","7":"product_tag-france-en","8":"sales-flash-overlay","9":"woocommerce-text-align-center","10":"woocommerce-image-align-center","12":"first","13":"outofstock","14":"virtual","15":"taxable","16":"purchasable","17":"product-type-simple"},"acf":{"sessions_repeater":[{"session_id":"320326000060099977","session_beginning_date":"20260214","session_ending_date":"20260220","session_price":1100,"session_quantity":0},{"session_id":"320326000060227015","session_beginning_date":"20260221","session_ending_date":"20260227","session_price":1100,"session_quantity":0}],"age":{"age_min":13,"age_max":17},"language":[],"level":["interm\u00e9diaire","confirm\u00e9"],"thematic":["Sport","Ski"],"seasons":["winter"],"dates":[],"duration":["7 jours"],"accommodation":["En ch\u00e2let"],"supervision":"1 adulte pour 1 \u00e0 12 jeunes","visiocolo":true,"professional_experience":""},"_links":{"self":[{"href":"https:\/\/www.cei-voyage.fr\/en\/wp-json\/wp\/v2\/product\/7457","targetHints":{"allow":["GET"]}}],"collection":[{"href":"https:\/\/www.cei-voyage.fr\/en\/wp-json\/wp\/v2\/product"}],"about":[{"href":"https:\/\/www.cei-voyage.fr\/en\/wp-json\/wp\/v2\/types\/product"}],"wp:featuredmedia":[{"embeddable":true,"href":"https:\/\/www.cei-voyage.fr\/en\/wp-json\/wp\/v2\/media\/11154"}],"wp:attachment":[{"href":"https:\/\/www.cei-voyage.fr\/en\/wp-json\/wp\/v2\/media?parent=7457"}],"wp:term":[{"taxonomy":"product_brand","embeddable":true,"href":"https:\/\/www.cei-voyage.fr\/en\/wp-json\/wp\/v2\/product_brand?post=7457"},{"taxonomy":"product_cat","embeddable":true,"href":"https:\/\/www.cei-voyage.fr\/en\/wp-json\/wp\/v2\/product_cat?post=7457"},{"taxonomy":"product_tag","embeddable":true,"href":"https:\/\/www.cei-voyage.fr\/en\/wp-json\/wp\/v2\/product_tag?post=7457"}],"curies":[{"name":"wp","href":"https:\/\/api.w.org\/{rel}","templated":true}]}}