{"id":10633,"date":"2025-07-04T12:19:07","date_gmt":"2025-07-04T10:19:07","guid":{"rendered":"https:\/\/www.cei-voyage.fr\/?post_type=product&#038;p=10633"},"modified":"2025-07-04T16:06:54","modified_gmt":"2025-07-04T14:06:54","slug":"private-english-french-lessons-teacher-homestay-france","status":"publish","type":"product","link":"https:\/\/www.cei-voyage.fr\/en\/sejours\/summer-international-programs\/private-english-french-lessons-teacher-homestay-france\/","title":{"rendered":"Learn English or French with a host teacher in France"},"content":{"rendered":"<h2 data-start=\"73\" data-end=\"328\">Private language stay with a native English teacher in France<\/h2>\n<p data-start=\"73\" data-end=\"328\">Learn English in France through private one-to-one lessons with a native English teacher! You\u2019ll be fully immersed in daily life with a British or anglophone host family living in France.<\/p>\n<p data-start=\"73\" data-end=\"328\"><span style=\"font-size: inherit;\"><strong>This programme is also suitable for those who wish to learn French.<\/strong> French lessons with a qualified teacher can be arranged based on your level and learning goals.<\/span><\/p>\n<h3 data-start=\"73\" data-end=\"328\">One-to-one English lessons with your teacher in France<\/h3>\n<ul>\n<li data-start=\"65\" data-end=\"620\">First, the<strong> English lessons<\/strong> are taught by a <strong>qualified native English teacher<\/strong>, experienced in teaching English as a foreign language.<\/li>\n<li data-start=\"65\" data-end=\"620\">The programme is then tailored to the student\u2019s level, learning pace, and personal goals.<\/li>\n<li data-start=\"65\" data-end=\"620\">Participants are encouraged to share any difficulties they face or specific expectations they may have \u2013 whether academic, professional, or personal.<\/li>\n<li data-start=\"65\" data-end=\"620\">Finally, you can choose the number of weekly lesson hours to match your needs: 10, 15, 20, 25, or 30 hours per week.<\/li>\n<\/ul>\n<p data-start=\"624\" data-end=\"835\"><strong>For those wishing to learn French<\/strong>, a similar programme is available: stay with a French-speaking teacher, take private French lessons, and enjoy daily activities to practise the language in real-life situations.<\/p>\n<h3 data-start=\"624\" data-end=\"835\">Activity programme during the English language stay in France<\/h3>\n<ul>\n<li>To begin with, the student shares the daily life of their English teacher and is encouraged to speak English outside of lesson time.<\/li>\n<li>This ongoing immersion reinforces newly acquired vocabulary and concepts, leading to real and lasting progress in the language.<\/li>\n<li>In addition, depending on the participant\u2019s interests and what is available locally, it is also possible to organise personal outings (subject to age and with the teacher\u2019s approval).<\/li>\n<\/ul>\n<h3 data-start=\"89\" data-end=\"152\">Optional add-ons for your English language stay in France<\/h3>\n<ul>\n<li data-start=\"155\" data-end=\"270\"><strong data-start=\"155\" data-end=\"175\">English + sports<\/strong>: 3 sport sessions per week at a local sports centre (see practical information for details).<\/li>\n<li data-start=\"273\" data-end=\"495\"><strong data-start=\"273\" data-end=\"302\">English + cultural visits<\/strong>: 3 hours of visits with the teacher or a member of the host family (museums, castles, and other well-known sites).<br data-start=\"417\" data-end=\"420\" \/>All fees (entrance tickets, transport, etc.) are included in this option.<\/li>\n<li data-start=\"498\" data-end=\"941\"><strong data-start=\"498\" data-end=\"530\">English + general activities<\/strong>: The host family offers local activities based on their location and the participant\u2019s interests. These may include: cinema, bowling, mini-golf, swimming, visiting a farm, cooking, local visits, shopping, arts and crafts, local markets, nature walks (beach, countryside, city, park\u2026), board games, and more. Outside these activities, the participant continues to take part in the everyday life of the family.<\/li>\n<\/ul>\n<ul>\n<li data-start=\"944\" data-end=\"1283\"><strong data-start=\"944\" data-end=\"964\">Exam preparation<\/strong>: Want to boost your chances of success in your studies or professional life after this language stay? We offer tailored lessons to help you prepare for exams such as the <strong data-start=\"1135\" data-end=\"1166\">Cambridge First Certificate<\/strong>, <strong data-start=\"1168\" data-end=\"1183\">Proficiency<\/strong>, <strong data-start=\"1185\" data-end=\"1194\">TOEIC<\/strong>, or <strong data-start=\"1199\" data-end=\"1208\">TOEFL<\/strong>. The teacher can create a personalised programme to match your objectives.<\/li>\n<\/ul>\n","protected":false},"excerpt":{"rendered":"<p>Enjoy a unique language stay: learn English or French in France while living with a British family and taking private lessons with your teacher.<\/p>\n","protected":false},"featured_media":2161,"template":"","meta":{"_acf_changed":false,"inline_featured_image":false},"product_brand":[],"product_cat":[178],"product_tag":[203],"class_list":{"0":"post-10633","1":"product","2":"type-product","3":"status-publish","4":"has-post-thumbnail","6":"product_cat-summer-international-programs","7":"product_tag-france-en","8":"sales-flash-overlay","9":"woocommerce-text-align-center","10":"woocommerce-image-align-center","12":"first","13":"instock","14":"taxable","15":"shipping-taxable","16":"product-type-simple"},"acf":{"sessions_repeater":null,"age":{"age_min":12,"age_max":18},"language":["Anglais"],"level":["interm\u00e9diaire","d\u00e9butant"],"thematic":["Sport","\u00c9quitation","Linguistique","Bord de mer","Cours particuliers chez le professeur","Cours de langue pour \u00e9tudiants et adultes"],"seasons":["all"],"dates":["Vacances zones A","Vacances zones B","Vacances zones C","Vacances zones ABC"],"duration":["1 week minimum"],"accommodation":["Chez le professeur de langue","Nuit(s) chez l\u2019habitant"],"supervision":"","visiocolo":false,"professional_experience":""},"_links":{"self":[{"href":"https:\/\/www.cei-voyage.fr\/en\/wp-json\/wp\/v2\/product\/10633","targetHints":{"allow":["GET"]}}],"collection":[{"href":"https:\/\/www.cei-voyage.fr\/en\/wp-json\/wp\/v2\/product"}],"about":[{"href":"https:\/\/www.cei-voyage.fr\/en\/wp-json\/wp\/v2\/types\/product"}],"wp:featuredmedia":[{"embeddable":true,"href":"https:\/\/www.cei-voyage.fr\/en\/wp-json\/wp\/v2\/media\/2161"}],"wp:attachment":[{"href":"https:\/\/www.cei-voyage.fr\/en\/wp-json\/wp\/v2\/media?parent=10633"}],"wp:term":[{"taxonomy":"product_brand","embeddable":true,"href":"https:\/\/www.cei-voyage.fr\/en\/wp-json\/wp\/v2\/product_brand?post=10633"},{"taxonomy":"product_cat","embeddable":true,"href":"https:\/\/www.cei-voyage.fr\/en\/wp-json\/wp\/v2\/product_cat?post=10633"},{"taxonomy":"product_tag","embeddable":true,"href":"https:\/\/www.cei-voyage.fr\/en\/wp-json\/wp\/v2\/product_tag?post=10633"}],"curies":[{"name":"wp","href":"https:\/\/api.w.org\/{rel}","templated":true}]}}