{"id":10604,"date":"2025-07-02T22:42:10","date_gmt":"2025-07-02T20:42:10","guid":{"rendered":"https:\/\/www.cei-voyage.fr\/?post_type=product&#038;p=10604"},"modified":"2025-07-04T09:58:18","modified_gmt":"2025-07-04T07:58:18","slug":"sport-tour-in-paris","status":"publish","type":"product","link":"https:\/\/www.cei-voyage.fr\/en\/sejours\/educational-tours\/thematic-tours-france\/sport-tour-in-paris\/","title":{"rendered":"Sport Tour in Paris"},"content":{"rendered":"<p data-start=\"397\" data-end=\"517\">Join our Sport Tour in Paris and step into the heart of French sports culture while discovering the capital from a unique perspective.<\/p>\n<p data-start=\"519\" data-end=\"668\">Explore world-famous stadiums, historic venues and vibrant neighborhoods while enjoying the energy of sport in one of Europe\u2019s most iconic capitals.<\/p>\n<h3>Program<\/h3>\n<ul>\n<li data-start=\"1116\" data-end=\"1207\"><strong data-start=\"119\" data-end=\"149\">Visit the Parc des Princes.<\/strong>\u00a0Step into the world of Paris Saint-Germain with an immersive tour of this iconic football stadium. From the locker rooms to the pitchside, go behind the scenes and feel the electric atmosphere of one of Europe\u2019s most prestigious clubs.<\/li>\n<li data-start=\"1116\" data-end=\"1207\"><strong data-start=\"391\" data-end=\"459\">Walking tour in Montmartre with a stop at the Playground Duperr\u00e9. <\/strong>Discover Montmartre\u2019s artistic heritage and cobbled streets. The tour includes a stop at Playground Duperr\u00e9 \u2014 one of the world\u2019s most vibrant basketball courts.<\/li>\n<li data-start=\"1116\" data-end=\"1207\"><strong data-start=\"717\" data-end=\"752\">Backstage tour of Roland Garros.<\/strong> This guided visit offers exclusive backstage access. Learn about the rich history of the stadium that hosts the world-famous French Open.<\/li>\n<li data-start=\"1116\" data-end=\"1207\"><strong data-start=\"998\" data-end=\"1035\">Visit of the Longchamp Racecourse<\/strong> to dive into the world of French horse racing at this legendary venue nestled in the Bois de Boulogne. Learn about the heritage of this elite sport and explore the facilities where the Prix de l&#8217;Arc de Triomphe takes place.<\/li>\n<li data-start=\"1116\" data-end=\"1207\"><strong data-start=\"1262\" data-end=\"1298\">Backstage at the Stade de France<\/strong> to walk in the footsteps of champions and superstars at France\u2019s largest stadium. Discover its impressive architecture, explore the locker rooms. And hear stories of unforgettable sporting moments and global events that took place here.<\/li>\n<\/ul>\n<h3>Accommodation<\/h3>\n<p data-start=\"1435\" data-end=\"1510\">You will enjoy 4 nights half board accommodation in residence in Paris.<\/p>\n<p>This Sport Tour in Paris offers a unique way to experience the city through sport, culture, and discovery with CEI.<\/p>\n","protected":false},"excerpt":{"rendered":"<p>Discover Paris through the thrilling lens of sport from iconic stadiums to legendary arenas, immerse yourself in the city\u2019s dynamic sporting culture. Experience world-class venues, behind-the-scenes access and the unique atmosphere that makes Paris a true capital of athletic excellence. All in a fun and engaging way.<\/p>\n","protected":false},"featured_media":10605,"template":"","meta":{"_acf_changed":false,"inline_featured_image":false},"product_brand":[],"product_cat":[438,194],"product_tag":[203],"class_list":{"0":"post-10604","1":"product","2":"type-product","3":"status-publish","4":"has-post-thumbnail","6":"product_cat-thematic-tours-france","7":"product_cat-educational-tours","8":"product_tag-france-en","9":"sales-flash-overlay","10":"woocommerce-text-align-center","11":"woocommerce-image-align-center","13":"first","14":"instock","15":"virtual","16":"taxable","17":"purchasable","18":"product-type-simple"},"acf":{"sessions_repeater":null,"age":{"age_min":12,"age_max":""},"language":[],"level":["troisi\u00e8me","seconde","premi\u00e8re","terminale","quatri\u00e8me","cinqui\u00e8me","post bac"],"thematic":["Stay abroad","Optional fun trips","Sport tours","Thematic tours","Educational tours for groups"],"seasons":["all"],"dates":[],"duration":["5 days"],"accommodation":["In residence"],"supervision":"","visiocolo":false,"professional_experience":""},"_links":{"self":[{"href":"https:\/\/www.cei-voyage.fr\/en\/wp-json\/wp\/v2\/product\/10604","targetHints":{"allow":["GET"]}}],"collection":[{"href":"https:\/\/www.cei-voyage.fr\/en\/wp-json\/wp\/v2\/product"}],"about":[{"href":"https:\/\/www.cei-voyage.fr\/en\/wp-json\/wp\/v2\/types\/product"}],"wp:featuredmedia":[{"embeddable":true,"href":"https:\/\/www.cei-voyage.fr\/en\/wp-json\/wp\/v2\/media\/10605"}],"wp:attachment":[{"href":"https:\/\/www.cei-voyage.fr\/en\/wp-json\/wp\/v2\/media?parent=10604"}],"wp:term":[{"taxonomy":"product_brand","embeddable":true,"href":"https:\/\/www.cei-voyage.fr\/en\/wp-json\/wp\/v2\/product_brand?post=10604"},{"taxonomy":"product_cat","embeddable":true,"href":"https:\/\/www.cei-voyage.fr\/en\/wp-json\/wp\/v2\/product_cat?post=10604"},{"taxonomy":"product_tag","embeddable":true,"href":"https:\/\/www.cei-voyage.fr\/en\/wp-json\/wp\/v2\/product_tag?post=10604"}],"curies":[{"name":"wp","href":"https:\/\/api.w.org\/{rel}","templated":true}]}}