{"id":8078,"date":"2024-07-23T15:22:42","date_gmt":"2024-07-23T13:22:42","guid":{"rendered":"https:\/\/www.cei-voyage.fr\/?page_id=8078"},"modified":"2024-12-03T12:38:12","modified_gmt":"2024-12-03T11:38:12","slug":"test-home","status":"publish","type":"page","link":"https:\/\/www.cei-voyage.fr\/en\/test-home\/","title":{"rendered":"test home"},"content":{"rendered":"\n<div class=\"wp-block-group home__main-section\"><div class=\"wp-block-group__inner-container\">\n<h2 class=\"wp-block-heading section-title\">Ouvrir les jeunes au monde<\/h2>\n\n\n\n<div class=\"wp-block-buttons\">\n<div class=\"wp-block-button is-style-fill\"><a class=\"wp-block-button__link wp-element-button\" href=\"\/sejours\">Explorer nos s\u00e9jours<\/a><\/div>\n<\/div>\n\n\n\n<figure class=\"wp-block-image scroll-down\"><img decoding=\"async\" src=\"https:\/\/www.cei-voyage.fr\/app\/themes\/highfive\/assets\/img\/pictos\/arrow-down.svg\" alt=\"\" class=\"wp-image-168\"\/><\/figure>\n\n\n\n<figure class=\"wp-block-image size-full\"><img decoding=\"async\" width=\"1921\" height=\"965\" src=\"https:\/\/www.cei-voyage.fr\/app\/uploads\/2022\/06\/cei-ouvrir-les-jeunes-au-monde.jpg\" alt=\"\" class=\"wp-image-167\" srcset=\"https:\/\/www.cei-voyage.fr\/app\/uploads\/2022\/06\/cei-ouvrir-les-jeunes-au-monde.jpg 1921w, https:\/\/www.cei-voyage.fr\/app\/uploads\/2022\/06\/cei-ouvrir-les-jeunes-au-monde-300x151.jpg 300w, https:\/\/www.cei-voyage.fr\/app\/uploads\/2022\/06\/cei-ouvrir-les-jeunes-au-monde-1024x514.jpg 1024w, https:\/\/www.cei-voyage.fr\/app\/uploads\/2022\/06\/cei-ouvrir-les-jeunes-au-monde-768x386.jpg 768w, https:\/\/www.cei-voyage.fr\/app\/uploads\/2022\/06\/cei-ouvrir-les-jeunes-au-monde-1536x772.jpg 1536w, https:\/\/www.cei-voyage.fr\/app\/uploads\/2022\/06\/cei-ouvrir-les-jeunes-au-monde-1200x603.jpg 1200w, https:\/\/www.cei-voyage.fr\/app\/uploads\/2022\/06\/cei-ouvrir-les-jeunes-au-monde-600x301.jpg 600w\" sizes=\"(max-width: 1921px) 100vw, 1921px\" \/><\/figure>\n<\/div><\/div>\n\n<div class=\"wp-block-group reinsurance-section has-white-color has-yankee-blue-800-background-color has-text-color has-background\"><div class=\"wp-block-group__inner-container\">\n<div class=\"wp-block-columns\">\n<div class=\"wp-block-column\"><div class=\"wp-block-image\">\n<figure class=\"aligncenter size-large\"><img decoding=\"async\" src=\"\/app\/themes\/highfive\/assets\/img\/icons\/icon-leader.svg\" alt=\"\" class=\"wp-image-200\"\/><\/figure>\n<\/div>\n\n\n<h3 class=\"wp-block-heading has-text-align-center reinsurance-section__text\"><strong>Leader since 75 years<\/strong><\/h3>\n\n\n\n<p class=\"has-text-align-center reinsurance-section__text\">Organisateur de s\u00e9jours linguistiques depuis 1947<\/p>\n<\/div>\n\n\n\n<div class=\"wp-block-column\"><div class=\"wp-block-image\">\n<figure class=\"aligncenter size-large\"><img decoding=\"async\" src=\"\/app\/themes\/highfive\/assets\/img\/icons\/icon-labellise-qualite.svg\" alt=\"\" class=\"wp-image-202\"\/><\/figure>\n<\/div>\n\n\n<h3 class=\"wp-block-heading has-text-align-center reinsurance-section__text\"><strong>Le CEI est labellis\u00e9 qualit\u00e9 Office<\/strong><\/h3>\n\n\n\n<p class=\"has-text-align-center reinsurance-section__text\">EDV et d\u00e9tient l\u2019agr\u00e9ment jeunesse et sport<\/p>\n<\/div>\n\n\n\n<div class=\"wp-block-column\"><div class=\"wp-block-image\">\n<figure class=\"aligncenter size-large\"><img decoding=\"async\" src=\"\/app\/themes\/highfive\/assets\/img\/icons\/icon-sur-mesure.svg\" alt=\"\" class=\"wp-image-204\"\/><\/figure>\n<\/div>\n\n\n<h3 class=\"wp-block-heading has-text-align-center reinsurance-section__text\"><strong>S\u00e9jours et suivi <br\/>sur mesure<\/strong><\/h3>\n\n\n\n<p class=\"has-text-align-center reinsurance-section__text\">Des \u00e9quipes d\u00e9di\u00e9es <br\/>et joignables en France<\/p>\n<\/div>\n\n\n\n<div class=\"wp-block-column\"><div class=\"wp-block-image\">\n<figure class=\"aligncenter size-large\"><img decoding=\"async\" src=\"\/app\/themes\/highfive\/assets\/img\/icons\/icon-organisateur-sejour.svg\" alt=\"\" class=\"wp-image-206\"\/><\/figure>\n<\/div>\n\n\n<h3 class=\"wp-block-heading has-text-align-center reinsurance-section__text\"><strong>Organisateur <br\/>de tous ses s\u00e9jours<\/strong><\/h3>\n\n\n\n<p class=\"has-text-align-center reinsurance-section__text\">Nous ne revendons pas des s\u00e9jours, nous les organisons<\/p>\n<\/div>\n<\/div>\n\n\n\n<div class=\"wp-block-buttons\">\n<div class=\"wp-block-button\"><a class=\"wp-block-button__link wp-element-button\" href=\"https:\/\/www.cei-voyage.fr\/page-mission\/\">D\u00e9couvrir le CEI<\/a><\/div>\n<\/div>\n<\/div><\/div>\n\n<div class=\"wp-block-group pattern__home-choice\"><div class=\"wp-block-group__inner-container\">\n<div class=\"wp-block-columns\">\n<div class=\"wp-block-column home-choice__title-picture-wrapper\">\n<h2 class=\"wp-block-heading has-yankee-blue-800-color has-text-color\"><strong>Pourquoi <br\/>nous choisir ?<\/strong><\/h2>\n\n\n\n<div class=\"wp-block-group title-picture-wrapper__picture\"><div class=\"wp-block-group__inner-container\">\n<figure class=\"wp-block-image size-full rellax\" data-rellax-speed=\"1.5\"><img decoding=\"async\" width=\"905\" height=\"840\" src=\"https:\/\/www.cei-voyage.fr\/app\/uploads\/2022\/10\/cei-pourquoi-nous-choisir.png\" alt=\"\" class=\"wp-image-4143\" srcset=\"https:\/\/www.cei-voyage.fr\/app\/uploads\/2022\/10\/cei-pourquoi-nous-choisir.png 905w, https:\/\/www.cei-voyage.fr\/app\/uploads\/2022\/10\/cei-pourquoi-nous-choisir-300x278.png 300w, https:\/\/www.cei-voyage.fr\/app\/uploads\/2022\/10\/cei-pourquoi-nous-choisir-768x713.png 768w\" sizes=\"(max-width: 905px) 100vw, 905px\" \/><\/figure>\n\n\n\n<figure class=\"wp-block-image size-full is-mobile\"><img decoding=\"async\" src=\"https:\/\/www.cei-voyage.fr\/app\/uploads\/2022\/08\/cei-pourquoi-nous-choisir-responsive.jpg\" alt=\"\" class=\"wp-image-670\"\/><\/figure>\n\n\n\n<figure class=\"wp-block-image size-full is-decoration rellax\" data-rellax-speed=\"1\"><img decoding=\"async\" src=\"https:\/\/www.cei-voyage.fr\/app\/themes\/highfive\/assets\/img\/pictos\/cei-picto_vignette01.svg\" alt=\"\" class=\"wp-image-573\"\/><\/figure>\n\n\n\n<figure class=\"wp-block-image size-full is-decoration rellax\" data-rellax-speed=\"3\"><img decoding=\"async\" src=\"https:\/\/www.cei-voyage.fr\/app\/themes\/highfive\/assets\/img\/pictos\/cei-picto_vignette02.svg\" alt=\"\" class=\"wp-image-573\"\/><\/figure>\n\n\n\n<figure class=\"wp-block-image size-full is-decoration rellax\" data-rellax-speed=\"1\"><img decoding=\"async\" src=\"https:\/\/www.cei-voyage.fr\/app\/themes\/highfive\/assets\/img\/pictos\/cei-picto_vignette03.svg\" alt=\"\" class=\"wp-image-573\"\/><\/figure>\n\n\n\n<figure class=\"wp-block-image size-full is-decoration rellax\" data-rellax-speed=\"3\"><img decoding=\"async\" src=\"https:\/\/www.cei-voyage.fr\/app\/themes\/highfive\/assets\/img\/pictos\/cei-picto_vignette04.svg\" alt=\"\" class=\"wp-image-573\"\/><\/figure>\n\n\n\n<figure class=\"wp-block-image size-full is-decoration rellax\" data-rellax-speed=\"1.25\"><img decoding=\"async\" src=\"https:\/\/www.cei-voyage.fr\/app\/themes\/highfive\/assets\/img\/pictos\/cei-picto_vignette05.svg\" alt=\"\" class=\"wp-image-573\"\/><\/figure>\n\n\n\n<figure class=\"wp-block-image size-full is-decoration rellax\" data-rellax-speed=\"2.5\"><img decoding=\"async\" src=\"https:\/\/www.cei-voyage.fr\/app\/themes\/highfive\/assets\/img\/pictos\/cei-picto_vignette06.svg\" alt=\"\" class=\"wp-image-573\"\/><\/figure>\n<\/div><\/div>\n<\/div>\n\n\n\n<div class=\"wp-block-column home-choice__list-wrapper\">\n<div class=\"wp-block-group list-wrapper__element\"><div class=\"wp-block-group__inner-container\">\n<h3 class=\"wp-block-heading has-ultramarine-blue-color has-text-color\"><strong>Le CEI est engag\u00e9 : une mission <br\/>et des valeurs porteuses de sens<\/strong><\/h3>\n\n\n\n<p>Nos valeurs : Passion &#8211; Savoir-faire &#8211; Innovation &#8211; Confiance. Depuis notre cr\u00e9ation, notre mission est d\u2019ouvrir les jeunes au monde gr\u00e2ce aux voyages, afin de permettre la connaissance des autres cultures. C\u2019est tout naturellement que nous nous engageons \u00e9galement pour un tourisme durable, \u00e0 travers nos bonnes pratiques et le choix rigoureux de nos partenaires dans le monde entier.<\/p>\n\n\n\n<p><a href=\"https:\/\/www.cei-voyage.fr\/nos-engagements\/\" class=\"element__link\">En savoir plus<\/a><\/p>\n<\/div><\/div>\n\n\n\n<div class=\"wp-block-group list-wrapper__element\"><div class=\"wp-block-group__inner-container\">\n<h3 class=\"wp-block-heading has-ultramarine-blue-color has-text-color\"><strong>De vous \u00e0 nous : <br\/>le CEI est \u00e0 votre \u00e9coute<\/strong><\/h3>\n\n\n\n<p>Pour nous la relation \u00e0 nos clients est essentielle : nous sommes joignables par t\u00e9l\u00e9phone et par email ainsi que sur rendez-vous dans nos bureaux et agences en France (pas de centrale de r\u00e9servation, de vrais contacts humains). Nous vous rencontrons lors de forums et salons en r\u00e9gions.<\/p>\n\n\n\n<p><a href=\"https:\/\/www.cei-voyage.fr\/contact\/\" class=\"element__link\">En savoir plus<\/a><\/p>\n<\/div><\/div>\n\n\n\n<div class=\"wp-block-group list-wrapper__element\"><div class=\"wp-block-group__inner-container\">\n<h3 class=\"wp-block-heading has-ultramarine-blue-color has-text-color\"><strong>Faciliter vos d\u00e9marches : <br\/>aides et partenariats<\/strong><\/h3>\n\n\n\n<p>Nous sommes conscients que les exp\u00e9riences que nous proposons ont un co\u00fbt. C\u2019est pourquoi nous vous proposons de nombreuses solutions pour financer votre projet : facilit\u00e9s de paiement, r\u00e9ductions, partenariats et avantages CSE.<\/p>\n\n\n\n<p>Nous n\u2019avons aucun co\u00fbt cach\u00e9 et nous \u0153uvrons pour vous offrir clart\u00e9 et transparence.<\/p>\n\n\n\n<p><a href=\"https:\/\/www.cei-voyage.fr\/cse-collectivites\/\" class=\"element__link\">En savoir plus<\/a><\/p>\n<\/div><\/div>\n\n\n\n<div class=\"wp-block-group list-wrapper__element\"><div class=\"wp-block-group__inner-container\">\n<h3 class=\"wp-block-heading has-ultramarine-blue-color has-text-color\"><strong>Le cei est transparent : <br\/>notre projet \u00e9ducatif et notre organisation<\/strong><\/h3>\n\n\n\n<p>Nous nous engageons pour faire de ces exp\u00e9riences de voyages et de s\u00e9jours une r\u00e9ussite, en suivant <strong>notre projet \u00e9ducatif<\/strong> et en recrutant et formant enti\u00e8rement nous-m\u00eames nos \u00e9quipes.<\/p>\n\n\n\n<p>Pour d\u00e9couvrir les postes et les t\u00e9moignages :<\/p>\n\n\n\n<p><a href=\"https:\/\/www.cei-voyage.fr\/projet-educatif\/\" class=\"element__link\">Rendez-vous ici<\/a><\/p>\n<\/div><\/div>\n<\/div>\n<\/div>\n<\/div><\/div>\n","protected":false},"excerpt":{"rendered":"<p>Ouvrir les jeunes au monde Leader since 75 years Organisateur de s\u00e9jours linguistiques depuis 1947 Le CEI est labellis\u00e9 qualit\u00e9 Office EDV et d\u00e9tient l\u2019agr\u00e9ment jeunesse et sport S\u00e9jours et suivi sur mesure Des \u00e9quipes d\u00e9di\u00e9es et joignables en France Organisateur de tous ses s\u00e9jours Nous ne revendons pas des s\u00e9jours, nous les organisons Pourquoi &#8230; <a title=\"test home\" class=\"read-more\" href=\"https:\/\/www.cei-voyage.fr\/en\/test-home\/\" aria-label=\"Read more about test home\">Read more<\/a><\/p>\n","protected":false},"author":1,"featured_media":0,"parent":0,"menu_order":3,"comment_status":"closed","ping_status":"closed","template":"","meta":{"_acf_changed":false,"inline_featured_image":false,"footnotes":""},"class_list":["post-8078","page","type-page","status-publish"],"acf":[],"_links":{"self":[{"href":"https:\/\/www.cei-voyage.fr\/en\/wp-json\/wp\/v2\/pages\/8078","targetHints":{"allow":["GET"]}}],"collection":[{"href":"https:\/\/www.cei-voyage.fr\/en\/wp-json\/wp\/v2\/pages"}],"about":[{"href":"https:\/\/www.cei-voyage.fr\/en\/wp-json\/wp\/v2\/types\/page"}],"author":[{"embeddable":true,"href":"https:\/\/www.cei-voyage.fr\/en\/wp-json\/wp\/v2\/users\/1"}],"replies":[{"embeddable":true,"href":"https:\/\/www.cei-voyage.fr\/en\/wp-json\/wp\/v2\/comments?post=8078"}],"version-history":[{"count":1,"href":"https:\/\/www.cei-voyage.fr\/en\/wp-json\/wp\/v2\/pages\/8078\/revisions"}],"predecessor-version":[{"id":8734,"href":"https:\/\/www.cei-voyage.fr\/en\/wp-json\/wp\/v2\/pages\/8078\/revisions\/8734"}],"wp:attachment":[{"href":"https:\/\/www.cei-voyage.fr\/en\/wp-json\/wp\/v2\/media?parent=8078"}],"curies":[{"name":"wp","href":"https:\/\/api.w.org\/{rel}","templated":true}]}}